{"id":5742,"date":"2023-09-28T13:54:43","date_gmt":"2023-09-28T13:54:43","guid":{"rendered":"https:\/\/procjenitelji.me\/procjena-vrijednosti-suma-i-sumskog-zemljista\/"},"modified":"2024-07-08T12:18:33","modified_gmt":"2024-07-08T12:18:33","slug":"%d0%be%d1%86%d0%b5%d0%bd%d0%ba%d0%b0-%d1%81%d1%82%d0%be%d0%b8%d0%bc%d0%be%d1%81%d1%82%d0%b8-%d0%bb%d0%b5%d1%81%d0%be%d0%b2-%d0%b8-%d0%bb%d0%b5%d1%81%d0%bd%d1%8b%d1%85-%d0%b7%d0%b5%d0%bc%d0%b5%d0%bb","status":"publish","type":"page","link":"https:\/\/procjenitelji.me\/ru\/%d0%be%d1%86%d0%b5%d0%bd%d0%ba%d0%b0-%d1%81%d1%82%d0%be%d0%b8%d0%bc%d0%be%d1%81%d1%82%d0%b8-%d0%bb%d0%b5%d1%81%d0%be%d0%b2-%d0%b8-%d0%bb%d0%b5%d1%81%d0%bd%d1%8b%d1%85-%d0%b7%d0%b5%d0%bc%d0%b5%d0%bb\/","title":{"rendered":"\u041e\u0446\u0435\u043d\u043a\u0430 \u0441\u0442\u043e\u0438\u043c\u043e\u0441\u0442\u0438 \u043b\u0435\u0441\u043e\u0432 \u0438 \u043b\u0435\u0441\u043d\u044b\u0445 \u0437\u0435\u043c\u0435\u043b\u044c"},"content":{"rendered":"<section class=\"wpb-content-wrapper\"><p>[vc_row][vc_column]<style type=\"text\/css\" data-type=\"the7_shortcodes-inline-css\">.shortcode-single-image-wrap.shortcode-single-image-0ef97b82135225b643ec417ffc12c537.enable-bg-rollover .rollover i,\n.shortcode-single-image-wrap.shortcode-single-image-0ef97b82135225b643ec417ffc12c537.enable-bg-rollover .rollover-video i {\n  background: -webkit-linear-gradient();\n  background: linear-gradient();\n}\n.shortcode-single-image-wrap.shortcode-single-image-0ef97b82135225b643ec417ffc12c537 .rollover-icon {\n  font-size: 32px;\n  color: #ffffff;\n  min-width: 44px;\n  min-height: 44px;\n  line-height: 44px;\n  border-radius: 100px;\n  border-style: solid;\n  border-width: 0px;\n}\n.dt-icon-bg-on.shortcode-single-image-wrap.shortcode-single-image-0ef97b82135225b643ec417ffc12c537 .rollover-icon {\n  background: rgba(255,255,255,0.3);\n  box-shadow: none;\n}\n<\/style><div class=\"shortcode-single-image-wrap shortcode-single-image-0ef97b82135225b643ec417ffc12c537 alignnone  enable-bg-rollover dt-icon-bg-off\" style=\"margin-top:0px; margin-bottom:0px; margin-left:0px; margin-right:0px; width:1500px;\"><div class=\"shortcode-single-image\"><div class=\"fancy-media-wrap  layzr-bg\" style=\"\"><img class=\"preload-me lazy-load\" src=\"data:image\/svg+xml,%3Csvg%20xmlns%3D&#39;http%3A%2F%2Fwww.w3.org%2F2000%2Fsvg&#39;%20viewBox%3D&#39;0%200%201500%20790&#39;%2F%3E\" data-src=\"https:\/\/procjenitelji.me\/wp-content\/uploads\/2023\/09\/forest-1500x790.jpg\" data-srcset=\"https:\/\/procjenitelji.me\/wp-content\/uploads\/2023\/09\/forest-1500x790.jpg 1500w\" width=\"1500\" height=\"790\"  data-dt-location=\"https:\/\/procjenitelji.me\/ru\/home\/forest\/\" style=\"\" alt=\"\" \/><\/div><\/div><\/div>[vc_column_text][\/vc_column_text][vc_empty_space][vc_empty_space][vc_row_inner][vc_column_inner][vc_column_text]<\/p>\n<p style=\"text-align: justify;\"><strong>\u0428\u0443\u043c\u0430<\/strong> \u2014 \u044d\u0442\u043e \u0437\u0435\u043c\u0435\u043b\u044c\u043d\u044b\u0439 \u0443\u0447\u0430\u0441\u0442\u043e\u043a \u043f\u043b\u043e\u0449\u0430\u0434\u044c\u044e \u0431\u043e\u043b\u0435\u0435 0,5 \u0433\u0430 \u0441 \u0434\u0435\u0440\u0435\u0432\u044c\u044f\u043c\u0438 \u0432\u044b\u0441\u043e\u0442\u043e\u0439 \u0431\u043e\u043b\u0435\u0435 5 \u043c\u0435\u0442\u0440\u043e\u0432 \u0438 \u043a\u0440\u043e\u043d\u043e\u0439, \u043f\u043e\u043a\u0440\u044b\u0432\u0430\u044e\u0449\u0435\u0439 \u0431\u043e\u043b\u0435\u0435 10% \u043f\u043b\u043e\u0449\u0430\u0434\u0438, \u0438\u043b\u0438 \u0434\u0435\u0440\u0435\u0432\u044c\u044f\u043c\u0438, \u043a\u043e\u0442\u043e\u0440\u044b\u0435 \u0441\u043f\u043e\u0441\u043e\u0431\u043d\u044b \u0434\u043e\u0441\u0442\u0438\u0447\u044c \u044d\u0442\u0438\u0445 \u0445\u0430\u0440\u0430\u043a\u0442\u0435\u0440\u0438\u0441\u0442\u0438\u043a \u043d\u0430 \u0434\u0430\u043d\u043d\u043e\u0439 \u043b\u043e\u043a\u0430\u0446\u0438\u0438.<\/p>\n<p style=\"text-align: justify;\"><strong>\u0428\u0443\u043c\u0441\u043a\u043e\u0435 \u0437\u0435\u043c\u0435\u043b\u044c\u043d\u043e\u0435 \u0443\u0433\u043e\u0434\u044c\u0435<\/strong> (\u043c\u0435\u0436\u0434\u0443\u043d\u0430\u0440\u043e\u0434\u043d\u044b\u0439 \u0442\u0435\u0440\u043c\u0438\u043d: <strong>\u043e\u0441\u0442\u0430\u043b\u044c\u043d\u043e\u0435 \u043b\u0435\u0441\u043d\u043e\u0435 \u0437\u0435\u043c\u0435\u043b\u044c\u043d\u043e\u0435 \u0443\u0433\u043e\u0434\u044c\u0435<\/strong>) \u2014 \u044d\u0442\u043e \u0437\u0435\u043c\u0435\u043b\u044c\u043d\u044b\u0439 \u0443\u0447\u0430\u0441\u0442\u043e\u043a, \u043a\u043e\u0442\u043e\u0440\u044b\u0439 \u043d\u0435 \u043a\u043b\u0430\u0441\u0441\u0438\u0444\u0438\u0446\u0438\u0440\u0443\u0435\u0442\u0441\u044f \u043a\u0430\u043a \u00ab\u043b\u0435\u0441\u00bb, \u043d\u043e \u0438\u043c\u0435\u0435\u0442 \u043f\u043b\u043e\u0449\u0430\u0434\u044c \u0431\u043e\u043b\u0435\u0435 0,5 \u0433\u0435\u043a\u0442\u0430\u0440\u0430, \u0441 \u0434\u0435\u0440\u0435\u0432\u044c\u044f\u043c\u0438 \u0432\u044b\u0441\u043e\u0442\u043e\u0439 \u0431\u043e\u043b\u0435\u0435 5 \u043c\u0435\u0442\u0440\u043e\u0432 \u0438 \u043a\u0440\u043e\u043d\u043e\u0439, \u043f\u043e\u043a\u0440\u044b\u0432\u0430\u044e\u0449\u0435\u0439 \u043e\u0442 5% \u0434\u043e 10% \u043f\u043b\u043e\u0449\u0430\u0434\u0438, \u0438\u043b\u0438 \u0434\u0435\u0440\u0435\u0432\u044c\u044f\u043c\u0438, \u043a\u043e\u0442\u043e\u0440\u044b\u0435 \u0441\u043f\u043e\u0441\u043e\u0431\u043d\u044b \u0434\u043e\u0441\u0442\u0438\u0447\u044c \u044d\u0442\u0438\u0445 \u0445\u0430\u0440\u0430\u043a\u0442\u0435\u0440\u0438\u0441\u0442\u0438\u043a \u043d\u0430 \u0434\u0430\u043d\u043d\u043e\u0439 \u043b\u043e\u043a\u0430\u0446\u0438\u0438; \u043b\u0438\u0431\u043e \u0437\u0435\u043c\u0435\u043b\u044c\u043d\u044b\u0439 \u0443\u0447\u0430\u0441\u0442\u043e\u043a \u0441 \u043a\u043e\u043c\u0431\u0438\u043d\u0438\u0440\u043e\u0432\u0430\u043d\u043d\u044b\u043c \u043f\u043e\u043a\u0440\u044b\u0442\u0438\u0435\u043c \u0438\u0437 \u043a\u0443\u0441\u0442\u0430\u0440\u043d\u0438\u043a\u043e\u0432, \u0437\u0430\u0440\u043e\u0441\u043b\u0435\u0439 \u0438 \u0434\u0435\u0440\u0435\u0432\u044c\u0435\u0432 \u0431\u043e\u043b\u0435\u0435 10% (\u0432\u043a\u043b\u044e\u0447\u0430\u0435\u0442 \u0434\u0435\u0440\u0435\u0432\u044c\u044f, \u043a\u043e\u0442\u043e\u0440\u044b\u0435 \u043d\u0435 \u0441\u043f\u043e\u0441\u043e\u0431\u043d\u044b \u0434\u043e\u0441\u0442\u0438\u0447\u044c \u0432\u044b\u0441\u043e\u0442\u044b 5 \u043c\u0435\u0442\u0440\u043e\u0432).<\/p>\n<p>[\/vc_column_text][\/vc_column_inner][\/vc_row_inner][vc_empty_space][vc_column_text]<strong>\u041e\u0446\u0435\u043d\u043a\u0430 \u0437\u0435\u043c\u0435\u043b\u044c\u043d\u043e\u0433\u043e \u0443\u0447\u0430\u0441\u0442\u043a\u0430 \u043e\u0441\u0443\u0449\u0435\u0441\u0442\u0432\u043b\u044f\u0435\u0442\u0441\u044f \u043a\u0432\u0430\u043b\u0438\u0444\u0438\u0446\u0438\u0440\u043e\u0432\u0430\u043d\u043d\u044b\u043c \u043e\u0446\u0435\u043d\u0449\u0438\u043a\u043e\u043c \u043d\u0430 \u043e\u0441\u043d\u043e\u0432\u0435 \u0441\u043b\u0435\u0434\u0443\u044e\u0449\u0438\u0445 \u0444\u0430\u043a\u0442\u043e\u0440\u043e\u0432:<\/strong><\/p>\n<ol>\n<li>\u0412\u0438\u0434, \u043a\u0430\u0442\u0435\u0433\u043e\u0440\u0438\u044f \u0438 \u043d\u0430\u0437\u043d\u0430\u0447\u0435\u043d\u0438\u0435 \u0437\u0435\u043c\u043b\u0438 (\u0441\u0435\u043b\u044c\u0441\u043a\u043e\u0445\u043e\u0437\u044f\u0439\u0441\u0442\u0432\u0435\u043d\u043d\u0430\u044f, \u0441\u0442\u0440\u043e\u0438\u0442\u0435\u043b\u044c\u043d\u0430\u044f, \u043b\u0435\u0441\u043d\u0430\u044f);<\/li>\n<li>\u041f\u0440\u0430\u0432\u043e \u0441\u043e\u0431\u0441\u0442\u0432\u0435\u043d\u043d\u043e\u0441\u0442\u0438 \u0438\u043b\u0438 \u043f\u0440\u0430\u0432\u043e \u043f\u043e\u043b\u044c\u0437\u043e\u0432\u0430\u043d\u0438\u044f;<\/li>\n<li>\u041f\u043b\u043e\u0449\u0430\u0434\u044c;<\/li>\n<li>\u041c\u0435\u0441\u0442\u043e\u043f\u043e\u043b\u043e\u0436\u0435\u043d\u0438\u0435.<\/li>\n<\/ol>\n<p>[\/vc_column_text][vc_empty_space][vc_column_text]<\/p>\n<p style=\"text-align: justify;\"><strong>\u041e\u0446\u0435\u043d\u043a\u0430 \u0437\u0435\u043c\u0435\u043b\u044c\u043d\u043e\u0433\u043e \u0443\u0447\u0430\u0441\u0442\u043a\u0430 \u043f\u0440\u043e\u0432\u043e\u0434\u0438\u0442\u0441\u044f \u043d\u0430 \u043e\u0441\u043d\u043e\u0432\u0435 \u043f\u0440\u0430\u0432\u043e\u0443\u0441\u0442\u0430\u043d\u0430\u0432\u043b\u0438\u0432\u0430\u044e\u0449\u0435\u0439 \u0434\u043e\u043a\u0443\u043c\u0435\u043d\u0442\u0430\u0446\u0438\u0438, \u043a\u043e\u0442\u043e\u0440\u0430\u044f \u0432\u043a\u043b\u044e\u0447\u0430\u0435\u0442:<\/strong><\/p>\n<ul>\n<li style=\"text-align: justify;\">\u0412\u044b\u043f\u0438\u0441\u043a\u0438 \u0438\u0437 \u043a\u0430\u0434\u0430\u0441\u0442\u0440\u0430 \u0438 \u0437\u0435\u043c\u0435\u043b\u044c\u043d\u044b\u0445 \u043a\u043d\u0438\u0433<\/li>\n<li>\u0414\u043e\u0433\u043e\u0432\u043e\u0440\u044b \u043a\u0443\u043f\u043b\u0438-\u043f\u0440\u043e\u0434\u0430\u0436\u0438<\/li>\n<li>\u0414\u0440\u0443\u0433\u0438\u0435 \u0430\u043a\u0442\u0443\u0430\u043b\u044c\u043d\u044b\u0435 \u0434\u043e\u043a\u0443\u043c\u0435\u043d\u0442\u044b, \u0435\u0441\u043b\u0438 \u043f\u0440\u0438\u043c\u0435\u043d\u0438\u043c\u043e<\/li>\n<\/ul>\n<p>[\/vc_column_text][vc_empty_space][vc_column_text]<\/p>\n<p style=\"text-align: justify;\">\u0414\u043b\u044f \u043e\u0446\u0435\u043d\u043a\u0438 \u0437\u0435\u043c\u0435\u043b\u044c\u043d\u043e\u0433\u043e \u0443\u0447\u0430\u0441\u0442\u043a\u0430 \u0440\u0435\u043a\u043e\u043c\u0435\u043d\u0434\u0443\u0435\u0442\u0441\u044f, \u0447\u0442\u043e\u0431\u044b \u043a\u0432\u0430\u043b\u0438\u0444\u0438\u0446\u0438\u0440\u043e\u0432\u0430\u043d\u043d\u044b\u0439 \u043e\u0446\u0435\u043d\u0449\u0438\u043a \u0438\u0441\u043f\u043e\u043b\u044c\u0437\u043e\u0432\u0430\u043b \u0440\u044b\u043d\u043e\u0447\u043d\u044b\u0439 \u043f\u043e\u0434\u0445\u043e\u0434.<\/p>\n<p style=\"text-align: justify;\">\u0412 \u043d\u0435\u043a\u043e\u0442\u043e\u0440\u044b\u0445 \u0441\u0438\u0442\u0443\u0430\u0446\u0438\u044f\u0445, \u043a\u043e\u0433\u0434\u0430 \u0438\u043c\u0435\u044e\u0442\u0441\u044f \u0434\u043e\u0441\u0442\u0430\u0442\u043e\u0447\u043d\u043e \u043d\u0430\u0434\u0435\u0436\u043d\u044b\u0435 \u0434\u0430\u043d\u043d\u044b\u0435, \u043a\u0432\u0430\u043b\u0438\u0444\u0438\u0446\u0438\u0440\u043e\u0432\u0430\u043d\u043d\u044b\u0439 \u043e\u0446\u0435\u043d\u0449\u0438\u043a \u043c\u043e\u0436\u0435\u0442 \u043f\u0440\u043e\u0432\u0435\u0441\u0442\u0438 \u043e\u0446\u0435\u043d\u043a\u0443 \u0437\u0435\u043c\u0435\u043b\u044c\u043d\u043e\u0433\u043e \u0443\u0447\u0430\u0441\u0442\u043a\u0430 \u0438 \u0441 \u043f\u043e\u043c\u043e\u0449\u044c\u044e \u0434\u043e\u0445\u043e\u0434\u043d\u043e\u0433\u043e \u043f\u043e\u0434\u0445\u043e\u0434\u0430, \u0435\u0441\u043b\u0438 \u0434\u0430\u043d\u043d\u044b\u0439 \u0437\u0435\u043c\u0435\u043b\u044c\u043d\u044b\u0439 \u0443\u0447\u0430\u0441\u0442\u043e\u043a \u043c\u043e\u0436\u0435\u0442 \u0431\u044b\u0442\u044c \u0441\u0434\u0430\u043d \u0432 \u0430\u0440\u0435\u043d\u0434\u0443, \u0447\u0442\u043e \u043f\u043e\u0437\u0432\u043e\u043b\u0438\u0442 \u0432\u043b\u0430\u0434\u0435\u043b\u044c\u0446\u0443 \u043f\u043e\u043b\u0443\u0447\u0438\u0442\u044c \u0434\u043e\u0445\u043e\u0434 \u043e\u0442 \u0430\u0440\u0435\u043d\u0434\u044b.<\/p>\n<p>[\/vc_column_text][vc_empty_space][vc_empty_space][\/vc_column][\/vc_row][vc_row][vc_column][vc_btn title=&#187;ONLINE PRIJAVA ZA USLUGE PROCJENE \u0160UMA I \u0160UMSKOG ZEMLJI\u0160TA&#187; color=&#187;peacoc&#187; align=&#187;center&#187; link=&#187;url:https%3A%2F%2Fprocjenitelji.me%2Fzahtjev-za-procjenu-vrijednosti-suma-i-sumskih-zemljista2%2F|title:Zahtjev%20za%20procjenu%20vrijednosti%20%C5%A1uma%20i%20%C5%A1umskih%20zemlji%C5%A1ta&#187;][\/vc_column][\/vc_row]<\/p>\n<\/section>","protected":false},"excerpt":{"rendered":"<p>[vc_row][vc_column][vc_column_text][\/vc_column_text][vc_empty_space][vc_empty_space][vc_row_inner][vc_column_inner][vc_column_text] \u0428\u0443\u043c\u0430 \u2014 \u044d\u0442\u043e \u0437\u0435\u043c\u0435\u043b\u044c\u043d\u044b\u0439 \u0443\u0447\u0430\u0441\u0442\u043e\u043a \u043f\u043b\u043e\u0449\u0430\u0434\u044c\u044e \u0431\u043e\u043b\u0435\u0435 0,5 \u0433\u0430 \u0441 \u0434\u0435\u0440\u0435\u0432\u044c\u044f\u043c\u0438 \u0432\u044b\u0441\u043e\u0442\u043e\u0439 \u0431\u043e\u043b\u0435\u0435 5 \u043c\u0435\u0442\u0440\u043e\u0432 \u0438 \u043a\u0440\u043e\u043d\u043e\u0439, \u043f\u043e\u043a\u0440\u044b\u0432\u0430\u044e\u0449\u0435\u0439 \u0431\u043e\u043b\u0435\u0435 10% \u043f\u043b\u043e\u0449\u0430\u0434\u0438, \u0438\u043b\u0438 \u0434\u0435\u0440\u0435\u0432\u044c\u044f\u043c\u0438, \u043a\u043e\u0442\u043e\u0440\u044b\u0435 \u0441\u043f\u043e\u0441\u043e\u0431\u043d\u044b \u0434\u043e\u0441\u0442\u0438\u0447\u044c \u044d\u0442\u0438\u0445 \u0445\u0430\u0440\u0430\u043a\u0442\u0435\u0440\u0438\u0441\u0442\u0438\u043a \u043d\u0430 \u0434\u0430\u043d\u043d\u043e\u0439 \u043b\u043e\u043a\u0430\u0446\u0438\u0438. \u0428\u0443\u043c\u0441\u043a\u043e\u0435 \u0437\u0435\u043c\u0435\u043b\u044c\u043d\u043e\u0435 \u0443\u0433\u043e\u0434\u044c\u0435 (\u043c\u0435\u0436\u0434\u0443\u043d\u0430\u0440\u043e\u0434\u043d\u044b\u0439 \u0442\u0435\u0440\u043c\u0438\u043d: \u043e\u0441\u0442\u0430\u043b\u044c\u043d\u043e\u0435 \u043b\u0435\u0441\u043d\u043e\u0435 \u0437\u0435\u043c\u0435\u043b\u044c\u043d\u043e\u0435 \u0443\u0433\u043e\u0434\u044c\u0435) \u2014 \u044d\u0442\u043e \u0437\u0435\u043c\u0435\u043b\u044c\u043d\u044b\u0439 \u0443\u0447\u0430\u0441\u0442\u043e\u043a, \u043a\u043e\u0442\u043e\u0440\u044b\u0439 \u043d\u0435 \u043a\u043b\u0430\u0441\u0441\u0438\u0444\u0438\u0446\u0438\u0440\u0443\u0435\u0442\u0441\u044f \u043a\u0430\u043a \u00ab\u043b\u0435\u0441\u00bb, \u043d\u043e \u0438\u043c\u0435\u0435\u0442 \u043f\u043b\u043e\u0449\u0430\u0434\u044c \u0431\u043e\u043b\u0435\u0435 0,5&hellip;<\/p>\n","protected":false},"author":11,"featured_media":0,"parent":0,"menu_order":0,"comment_status":"closed","ping_status":"closed","template":"","meta":[],"_links":{"self":[{"href":"https:\/\/procjenitelji.me\/ru\/wp-json\/wp\/v2\/pages\/5742"}],"collection":[{"href":"https:\/\/procjenitelji.me\/ru\/wp-json\/wp\/v2\/pages"}],"about":[{"href":"https:\/\/procjenitelji.me\/ru\/wp-json\/wp\/v2\/types\/page"}],"author":[{"embeddable":true,"href":"https:\/\/procjenitelji.me\/ru\/wp-json\/wp\/v2\/users\/11"}],"replies":[{"embeddable":true,"href":"https:\/\/procjenitelji.me\/ru\/wp-json\/wp\/v2\/comments?post=5742"}],"version-history":[{"count":2,"href":"https:\/\/procjenitelji.me\/ru\/wp-json\/wp\/v2\/pages\/5742\/revisions"}],"predecessor-version":[{"id":7480,"href":"https:\/\/procjenitelji.me\/ru\/wp-json\/wp\/v2\/pages\/5742\/revisions\/7480"}],"wp:attachment":[{"href":"https:\/\/procjenitelji.me\/ru\/wp-json\/wp\/v2\/media?parent=5742"}],"curies":[{"name":"wp","href":"https:\/\/api.w.org\/{rel}","templated":true}]}}