{"id":5777,"date":"2022-05-12T13:43:21","date_gmt":"2022-05-12T13:43:21","guid":{"rendered":"https:\/\/procjenitelji.me\/zakonska-i-profesionalna-regulativa-i-interni-akti\/"},"modified":"2024-04-05T11:29:58","modified_gmt":"2024-04-05T11:29:58","slug":"%d0%b7%d0%b0%d0%ba%d0%be%d0%bd%d0%bd%d0%be%d1%81%d1%82%d1%8c-%d0%b8-%d0%bf%d1%80%d0%be%d1%84%d0%b5%d1%81%d1%81%d0%b8%d0%be%d0%bd%d0%b0%d0%bb%d1%8c%d0%bd%d0%be%d0%b5-%d1%80%d0%b5%d0%b3%d1%83%d0%bb","status":"publish","type":"page","link":"https:\/\/procjenitelji.me\/ru\/%d0%b7%d0%b0%d0%ba%d0%be%d0%bd%d0%bd%d0%be%d1%81%d1%82%d1%8c-%d0%b8-%d0%bf%d1%80%d0%be%d1%84%d0%b5%d1%81%d1%81%d0%b8%d0%be%d0%bd%d0%b0%d0%bb%d1%8c%d0%bd%d0%be%d0%b5-%d1%80%d0%b5%d0%b3%d1%83%d0%bb\/","title":{"rendered":"\u0417\u0430\u043a\u043e\u043d\u043d\u043e\u0441\u0442\u044c \u0438 \u043f\u0440\u043e\u0444\u0435\u0441\u0441\u0438\u043e\u043d\u0430\u043b\u044c\u043d\u043e\u0435 \u0440\u0435\u0433\u0443\u043b\u0438\u0440\u043e\u0432\u0430\u043d\u0438\u0435 \u0438 \u0432\u043d\u0443\u0442\u0440\u0435\u043d\u043d\u0438\u0435 \u0434\u0435\u0439\u0441\u0442\u0432\u0438\u044f"},"content":{"rendered":"<section class=\"wpb-content-wrapper\"><p>[vc_row][vc_column width=&#187;1\/2&#8243;]<div class=\"uavc-list-icon uavc-list-icon-wrapper ult-adjust-bottom-margin   \"><ul class=\"uavc-list\"><li><div class=\"uavc-list-content\" id=\"list-icon-wrap-2398\">\n<div class=\"uavc-list-icon  \" data-animation=\"\" data-animation-delay=\"03\" style=\"margin-right:5px;\"><div class=\"ult-just-icon-wrapper  \"><div class=\"align-icon\" style=\"text-align:center;\">\n<div class=\"aio-icon none \"  style=\"color:#004b6b;font-size:32px;display:inline-block;\">\n\t<i class=\"Defaults-file-pdf-o\"><\/i>\n<\/div><\/div><\/div>\n<\/div><span  data-ultimate-target='#list-icon-wrap-2398 .uavc-list-desc'  data-responsive-json-new='{\"font-size\":\"\",\"line-height\":\"\"}'  class=\"uavc-list-desc ult-responsive\" style=\"\"><\/p>\n<h5><a href=\"https:\/\/procjenitelji.me\/wp-content\/uploads\/2022\/11\/Zakon-o-sudskim-vjestacima-1.pdf\" target=\"_blank\" rel=\"noopener\">Zakon o sudskim vje\u0161tacima<\/a><\/h5>\n<p><\/span><\/div><\/li><li><div class=\"uavc-list-content\" id=\"list-icon-wrap-4258\">\n<div class=\"uavc-list-icon  \" data-animation=\"\" data-animation-delay=\"03\" style=\"margin-right:5px;\"><div class=\"ult-just-icon-wrapper  \"><div class=\"align-icon\" style=\"text-align:center;\">\n<div class=\"aio-icon none \"  style=\"color:#004b6b;font-size:32px;display:inline-block;\">\n\t<i class=\"Defaults-file-pdf-o\"><\/i>\n<\/div><\/div><\/div>\n<\/div><span  data-ultimate-target='#list-icon-wrap-4258 .uavc-list-desc'  data-responsive-json-new='{\"font-size\":\"\",\"line-height\":\"\"}'  class=\"uavc-list-desc ult-responsive\" style=\"\"><\/p>\n<h5><a href=\"https:\/\/procjenitelji.me\/wp-content\/uploads\/2022\/11\/Pravilnik-o-nacinu-i-programu-provjere-strucnog-znanja-i-prakticnog-iskustva-za-odredjenu-oblast-vjestacenja-1.pdf\" target=\"_blank\" rel=\"noopener\">Pravilnik o na\u010dinu i programu provjere stru\u010dnog znanja i prakti\u010dnog iskustva za odre\u0111enu oblast vje\u0161ta\u010denja<\/a><\/h5>\n<p><\/span><\/div><\/li><li><div class=\"uavc-list-content\" id=\"list-icon-wrap-7062\">\n<div class=\"uavc-list-icon  \" data-animation=\"\" data-animation-delay=\"03\" style=\"margin-right:5px;\"><div class=\"ult-just-icon-wrapper  \"><div class=\"align-icon\" style=\"text-align:center;\">\n<div class=\"aio-icon none \"  style=\"color:#004b6b;font-size:32px;display:inline-block;\">\n\t<i class=\"Defaults-file-pdf-o\"><\/i>\n<\/div><\/div><\/div>\n<\/div><span  data-ultimate-target='#list-icon-wrap-7062 .uavc-list-desc'  data-responsive-json-new='{\"font-size\":\"\",\"line-height\":\"\"}'  class=\"uavc-list-desc ult-responsive\" style=\"\"><\/p>\n<h5><a href=\"https:\/\/procjenitelji.me\/wp-content\/uploads\/2022\/11\/Pravilnik-o-sadrzaju-i-obrascu-legitimacije-sudskih-vjestaka-1.pdf\" target=\"_blank\" rel=\"noopener\">Pravilnik o sadr\u017eaju i obrascu legitimacije sudskih vje\u0161taka<\/a><\/h5>\n<p><\/span><\/div><\/li><li><div class=\"uavc-list-content\" id=\"list-icon-wrap-7137\">\n<div class=\"uavc-list-icon  \" data-animation=\"\" data-animation-delay=\"03\" style=\"margin-right:5px;\"><div class=\"ult-just-icon-wrapper  \"><div class=\"align-icon\" style=\"text-align:center;\">\n<div class=\"aio-icon none \"  style=\"color:#004b6b;font-size:32px;display:inline-block;\">\n\t<i class=\"Defaults-file-pdf-o\"><\/i>\n<\/div><\/div><\/div>\n<\/div><span  data-ultimate-target='#list-icon-wrap-7137 .uavc-list-desc'  data-responsive-json-new='{\"font-size\":\"\",\"line-height\":\"\"}'  class=\"uavc-list-desc ult-responsive\" style=\"\"><\/p>\n<h5><a href=\"https:\/\/procjenitelji.me\/wp-content\/uploads\/2022\/11\/Kodeks-Prakse-za-Vjestake-u-okviru-EuroExpert.pdf\" target=\"_blank\" rel=\"noopener\">Kodeks Prakse za Vje\u0161take u okviru EuroExpert<\/a><\/h5>\n<p><\/span><\/div><\/li><\/ul><\/div>[\/vc_column][vc_column width=&#187;1\/2&#8243;]<div class=\"uavc-list-icon uavc-list-icon-wrapper ult-adjust-bottom-margin   \"><ul class=\"uavc-list\"><li><div class=\"uavc-list-content\" id=\"list-icon-wrap-9600\">\n<div class=\"uavc-list-icon  \" data-animation=\"\" data-animation-delay=\"03\" style=\"margin-right:5px;\"><div class=\"ult-just-icon-wrapper  \"><div class=\"align-icon\" style=\"text-align:center;\">\n<div class=\"aio-icon none \"  style=\"color:#004b6b;font-size:32px;display:inline-block;\">\n\t<i class=\"Defaults-file-pdf-o\"><\/i>\n<\/div><\/div><\/div>\n<\/div><span  data-ultimate-target='#list-icon-wrap-9600 .uavc-list-desc'  data-responsive-json-new='{\"font-size\":\"\",\"line-height\":\"\"}'  class=\"uavc-list-desc ult-responsive\" style=\"\"><\/p>\n<h5><a href=\"https:\/\/procjenitelji.me\/wp-content\/uploads\/2022\/11\/Standardi-Izvjestaja-u-okviru-EuroExpert.pdf\" target=\"_blank\" rel=\"noopener\">Standardi Izvje\u0161taja u okviru EuroExpert<\/a><\/h5>\n<p><\/span><\/div><\/li><li><div class=\"uavc-list-content\" id=\"list-icon-wrap-2520\">\n<div class=\"uavc-list-icon  \" data-animation=\"\" data-animation-delay=\"03\" style=\"margin-right:5px;\"><div class=\"ult-just-icon-wrapper  \"><div class=\"align-icon\" style=\"text-align:center;\">\n<div class=\"aio-icon none \"  style=\"color:#004b6b;font-size:32px;display:inline-block;\">\n\t<i class=\"Defaults-file-pdf-o\"><\/i>\n<\/div><\/div><\/div>\n<\/div><span  data-ultimate-target='#list-icon-wrap-2520 .uavc-list-desc'  data-responsive-json-new='{\"font-size\":\"\",\"line-height\":\"\"}'  class=\"uavc-list-desc ult-responsive\" style=\"\"><\/p>\n<h5><a href=\"https:\/\/procjenitelji.me\/wp-content\/uploads\/2022\/11\/Standardi-udruzenja-u-okviru-EuroExpert.pdf\" target=\"_blank\" rel=\"noopener\">Standardi udru\u017eenja u okviru EuroExpert<\/a><\/h5>\n<p><\/span><\/div><\/li><li><div class=\"uavc-list-content\" id=\"list-icon-wrap-2538\">\n<div class=\"uavc-list-icon  \" data-animation=\"\" data-animation-delay=\"03\" style=\"margin-right:5px;\"><div class=\"ult-just-icon-wrapper  \"><div class=\"align-icon\" style=\"text-align:center;\">\n<div class=\"aio-icon none \"  style=\"color:#004b6b;font-size:32px;display:inline-block;\">\n\t<i class=\"Defaults-file-pdf-o\"><\/i>\n<\/div><\/div><\/div>\n<\/div><span  data-ultimate-target='#list-icon-wrap-2538 .uavc-list-desc'  data-responsive-json-new='{\"font-size\":\"\",\"line-height\":\"\"}'  class=\"uavc-list-desc ult-responsive\" style=\"\"><\/p>\n<h5><a href=\"https:\/\/procjenitelji.me\/wp-content\/uploads\/2022\/11\/EuroExpert-standard-za-obuku-u-posredovanju-1.pdf\" target=\"_blank\" rel=\"noopener\">EuroExpert standard za obuku u posredovanju<\/a><\/h5>\n<p><\/span><\/div><\/li><li><div class=\"uavc-list-content\" id=\"list-icon-wrap-2430\">\n<div class=\"uavc-list-icon  \" data-animation=\"\" data-animation-delay=\"03\" style=\"margin-right:5px;\"><div class=\"ult-just-icon-wrapper  \"><div class=\"align-icon\" style=\"text-align:center;\">\n<div class=\"aio-icon none \"  style=\"color:#004b6b;font-size:32px;display:inline-block;\">\n\t<i class=\"Defaults-file-pdf-o\"><\/i>\n<\/div><\/div><\/div>\n<\/div><span  data-ultimate-target='#list-icon-wrap-2430 .uavc-list-desc'  data-responsive-json-new='{\"font-size\":\"\",\"line-height\":\"\"}'  class=\"uavc-list-desc ult-responsive\" style=\"\"><\/p>\n<h5><a href=\"https:\/\/procjenitelji.me\/wp-content\/uploads\/2022\/11\/EuroExpert-jezgro-nastavnog-plana-i-programa-za-obuku-Vjestaka.pdf\" target=\"_blank\" rel=\"noopener\">EuroExpert jezgro nastavnog plana i programa za obuku Vje\u0161taka<\/a><\/h5>\n<p><\/span><\/div><\/li><\/ul><\/div>[\/vc_column][\/vc_row]<\/p>\n<\/section>","protected":false},"excerpt":{"rendered":"<p>[vc_row][vc_column width=&#187;1\/2&#8243;][\/vc_column][vc_column width=&#187;1\/2&#8243;][\/vc_column][\/vc_row]<\/p>\n","protected":false},"author":9,"featured_media":0,"parent":0,"menu_order":0,"comment_status":"closed","ping_status":"closed","template":"","meta":[],"_links":{"self":[{"href":"https:\/\/procjenitelji.me\/ru\/wp-json\/wp\/v2\/pages\/5777"}],"collection":[{"href":"https:\/\/procjenitelji.me\/ru\/wp-json\/wp\/v2\/pages"}],"about":[{"href":"https:\/\/procjenitelji.me\/ru\/wp-json\/wp\/v2\/types\/page"}],"author":[{"embeddable":true,"href":"https:\/\/procjenitelji.me\/ru\/wp-json\/wp\/v2\/users\/9"}],"replies":[{"embeddable":true,"href":"https:\/\/procjenitelji.me\/ru\/wp-json\/wp\/v2\/comments?post=5777"}],"version-history":[{"count":0,"href":"https:\/\/procjenitelji.me\/ru\/wp-json\/wp\/v2\/pages\/5777\/revisions"}],"wp:attachment":[{"href":"https:\/\/procjenitelji.me\/ru\/wp-json\/wp\/v2\/media?parent=5777"}],"curies":[{"name":"wp","href":"https:\/\/api.w.org\/{rel}","templated":true}]}}