{"id":5648,"date":"2023-10-04T12:50:53","date_gmt":"2023-10-04T12:50:53","guid":{"rendered":"https:\/\/procjenitelji.me\/o-nama-2\/"},"modified":"2025-04-04T07:33:07","modified_gmt":"2025-04-04T07:33:07","slug":"ah-isim","status":"publish","type":"page","link":"https:\/\/procjenitelji.me\/tr\/ah-isim\/","title":{"rendered":"Ah isim"},"content":{"rendered":"<section class=\"wpb-content-wrapper\"><p>[vc_row][vc_column]<style type=\"text\/css\" data-type=\"the7_shortcodes-inline-css\">.shortcode-single-image-wrap.shortcode-single-image-472675c8e84e96a3b97a4350efb417e0.enable-bg-rollover .rollover i,\n.shortcode-single-image-wrap.shortcode-single-image-472675c8e84e96a3b97a4350efb417e0.enable-bg-rollover .rollover-video i {\n  background: -webkit-linear-gradient();\n  background: linear-gradient();\n}\n.shortcode-single-image-wrap.shortcode-single-image-472675c8e84e96a3b97a4350efb417e0 .rollover-icon {\n  font-size: 32px;\n  color: #ffffff;\n  min-width: 44px;\n  min-height: 44px;\n  line-height: 44px;\n  border-radius: 100px;\n  border-style: solid;\n  border-width: 0px;\n}\n.dt-icon-bg-on.shortcode-single-image-wrap.shortcode-single-image-472675c8e84e96a3b97a4350efb417e0 .rollover-icon {\n  background: rgba(255,255,255,0.3);\n  box-shadow: none;\n}\n<\/style><div class=\"shortcode-single-image-wrap shortcode-single-image-472675c8e84e96a3b97a4350efb417e0 alignnone  enable-bg-rollover dt-icon-bg-off\" style=\"margin-top:0px; margin-bottom:0px; margin-left:0px; margin-right:0px; width:2000px;\"><div class=\"shortcode-single-image\"><div class=\"fancy-media-wrap  layzr-bg\" style=\"\"><img class=\"preload-me lazy-load\" src=\"data:image\/svg+xml,%3Csvg%20xmlns%3D&#39;http%3A%2F%2Fwww.w3.org%2F2000%2Fsvg&#39;%20viewBox%3D&#39;0%200%20810%20202&#39;%2F%3E\" data-src=\"https:\/\/procjenitelji.me\/wp-content\/uploads\/2023\/10\/Tekst-1-str-810x466-1-810x202.jpg\" data-srcset=\"https:\/\/procjenitelji.me\/wp-content\/uploads\/2023\/10\/Tekst-1-str-810x466-1-810x202.jpg 810w\" width=\"810\" height=\"202\"  data-dt-location=\"https:\/\/procjenitelji.me\/tr\/o-nama-2\/tekst-1-str-810x466\/\" style=\"\" alt=\"\" \/><\/div><\/div><\/div>[vc_empty_space][vc_column_text]<\/p>\n<p class=\"\" data-start=\"37\" data-end=\"131\">Uzman ekibimizin \u00fcyeleri, a\u015fa\u011f\u0131daki alanlarda sertifikal\u0131 ve yetkili de\u011ferleme uzmanlar\u0131d\u0131r:<\/p>\n<ul data-start=\"133\" data-end=\"375\">\n<li class=\"\" data-start=\"133\" data-end=\"152\">\n<p class=\"\" data-start=\"135\" data-end=\"152\">Gayrimenkuller,<\/p>\n<\/li>\n<li class=\"\" data-start=\"153\" data-end=\"180\">\n<p class=\"\" data-start=\"155\" data-end=\"180\">Tesisler ve ekipmanlar,<\/p>\n<\/li>\n<li class=\"\" data-start=\"181\" data-end=\"209\">\n<p class=\"\" data-start=\"183\" data-end=\"209\">Maddi olmayan varl\u0131klar,<\/p>\n<\/li>\n<li class=\"\" data-start=\"210\" data-end=\"236\">\n<p class=\"\" data-start=\"212\" data-end=\"236\">\u0130\u015fletmeler ve sermaye,<\/p>\n<\/li>\n<li class=\"\" data-start=\"237\" data-end=\"263\">\n<p class=\"\" data-start=\"239\" data-end=\"263\">Finansal enstr\u00fcmanlar,<\/p>\n<\/li>\n<li class=\"\" data-start=\"264\" data-end=\"276\">\n<p class=\"\" data-start=\"266\" data-end=\"276\">Stoklar,<\/p>\n<\/li>\n<li class=\"\" data-start=\"277\" data-end=\"309\">\n<p class=\"\" data-start=\"279\" data-end=\"309\">Ormanlar ve orman arazileri,<\/p>\n<\/li>\n<li class=\"\" data-start=\"310\" data-end=\"375\">\n<p class=\"\" data-start=\"312\" data-end=\"375\">Tar\u0131m i\u015fletmeleri \u2013 meyvecilik, tarla bitkileri, hayvanc\u0131l\u0131k.<\/p>\n<\/li>\n<\/ul>\n<p>[\/vc_column_text][vc_empty_space][vc_column_text]<\/p>\n<p class=\"\" style=\"text-align: justify;\" data-start=\"377\" data-end=\"548\">Uzman bilgimizi, yerel pazar\u0131n ko\u015fullar\u0131na dair bilgimizi ve uzun y\u0131llara dayanan deneyimimizi, her m\u00fc\u015fterinin \u00f6zel ihtiya\u00e7lar\u0131na uyarlayarak en iyi \u00e7\u00f6z\u00fcmleri sunuyoruz.<\/p>\n<p class=\"\" style=\"text-align: justify;\" data-start=\"550\" data-end=\"758\">Amac\u0131m\u0131z, de\u011ferleme konusu olan varl\u0131klar hakk\u0131nda sahiplerine, y\u00f6neticilerine, sat\u0131c\u0131lar\u0131na, yat\u0131r\u0131mc\u0131lar\u0131na ve\/veya ipotek teminat\u0131 olarak kredi sa\u011flayan ki\u015filere objektif ve tarafs\u0131z bir g\u00f6r\u00fc\u015f sunmakt\u0131r.<\/p>\n<p>[\/vc_column_text][vc_empty_space][vc_column_text]<\/p>\n<p class=\"\" data-start=\"760\" data-end=\"804\">\u0130\u015fleyi\u015fimizi \u015fu ilkeler \u00fczerine kuruyoruz:<\/p>\n<ul data-start=\"806\" data-end=\"1209\">\n<li class=\"\" data-start=\"806\" data-end=\"872\">\n<p class=\"\" data-start=\"808\" data-end=\"872\"><strong data-start=\"808\" data-end=\"834\">D\u00fcr\u00fcstl\u00fck ve b\u00fct\u00fcnl\u00fck:<\/strong> T\u00fcm a\u015famalarda a\u00e7\u0131kl\u0131k ve do\u011fruluk,<\/p>\n<\/li>\n<li class=\"\" data-start=\"873\" data-end=\"973\">\n<p class=\"\" data-start=\"875\" data-end=\"973\"><strong data-start=\"875\" data-end=\"887\">E\u015fitlik:<\/strong> Nihai ba\u015far\u0131 ancak ayn\u0131 hedefe ula\u015fmaya \u00e7al\u0131\u015fan bireylerin i\u015f birli\u011fiyle m\u00fcmk\u00fcnd\u00fcr,<\/p>\n<\/li>\n<li class=\"\" data-start=\"974\" data-end=\"1084\">\n<p class=\"\" data-start=\"976\" data-end=\"1084\"><strong data-start=\"976\" data-end=\"1003\">Uzun vadeli i\u015f birli\u011fi:<\/strong> M\u00fc\u015fterilerimizi ve i\u015flerini anlamak, onlara en iyi \u00e7\u00f6z\u00fcmleri sunmam\u0131z\u0131 sa\u011flar,<\/p>\n<\/li>\n<li class=\"\" data-start=\"1085\" data-end=\"1209\">\n<p class=\"\" data-start=\"1087\" data-end=\"1209\"><strong data-start=\"1087\" data-end=\"1098\">Destek:<\/strong> G\u00fcvenilir insanlara sahip olmak, deneyim ve bilgi payla\u015f\u0131m\u0131 i\u00e7in do\u011fru i\u015f ortaklar\u0131na sahip olmak \u00f6nemlidir.<\/p>\n<\/li>\n<\/ul>\n<p>[\/vc_column_text][vc_empty_space][vc_column_text]<\/p>\n<p class=\"\" style=\"text-align: justify;\" data-start=\"1211\" data-end=\"1391\">Gayrimenkul veya arazi sat\u0131n al\u0131rken ya da satarken, en \u00e7ok bilmek isteyece\u011finiz \u015fey fiyat\u0131d\u0131r. Ancak bir \u015feyin fiyat\u0131n\u0131n olmas\u0131 i\u00e7in \u00f6ncelikle belirli bir de\u011feri olmas\u0131 gerekir.<\/p>\n<p class=\"\" style=\"text-align: justify;\" data-start=\"1393\" data-end=\"1449\">De\u011ferleme konusu farkl\u0131 t\u00fcrlerde ta\u015f\u0131nmazlar olabilir:<\/p>\n<ul data-start=\"1451\" data-end=\"1778\">\n<li class=\"\" style=\"text-align: justify;\" data-start=\"1451\" data-end=\"1507\">\n<p class=\"\" data-start=\"1453\" data-end=\"1507\">Daire, ev, i\u015f yeri, i\u015f merkezleri, sanayi tesisleri,<\/p>\n<\/li>\n<li class=\"\" style=\"text-align: justify;\" data-start=\"1508\" data-end=\"1577\">\n<p class=\"\" data-start=\"1510\" data-end=\"1577\">\u00d6zel ama\u00e7l\u0131 yap\u0131lar (al\u0131\u015fveri\u015f merkezleri, oteller, restoranlar),<\/p>\n<\/li>\n<li class=\"\" style=\"text-align: justify;\" data-start=\"1578\" data-end=\"1643\">\n<p class=\"\" data-start=\"1580\" data-end=\"1643\">\u00c7e\u015fitli arazi t\u00fcrleri (tar\u0131m arazileri, imarl\u0131 araziler vb.),<\/p>\n<\/li>\n<li class=\"\" style=\"text-align: justify;\" data-start=\"1644\" data-end=\"1681\">\n<p class=\"\" data-start=\"1646\" data-end=\"1681\">\u0130\u015fletmeniz veya \u015firket sermayesi,<\/p>\n<\/li>\n<li class=\"\" style=\"text-align: justify;\" data-start=\"1682\" data-end=\"1753\">\n<p class=\"\" data-start=\"1684\" data-end=\"1753\">Maddi olmayan varl\u0131klar (yaz\u0131l\u0131mlar, patentler, telif haklar\u0131 vb.),<\/p>\n<\/li>\n<li class=\"\" data-start=\"1754\" data-end=\"1778\">\n<p class=\"\" style=\"text-align: justify;\" data-start=\"1756\" data-end=\"1778\">Tar\u0131msal i\u015fletmeler.<\/p>\n<\/li>\n<\/ul>\n<p>[\/vc_column_text][vc_empty_space][vc_column_text]<\/p>\n<p class=\"\" data-start=\"1780\" data-end=\"1834\"><strong data-start=\"1780\" data-end=\"1832\">De\u011ferleme hizmeti s\u00fcreci birka\u00e7 a\u015famadan olu\u015fur:<\/strong><\/p>\n<ol data-start=\"1836\" data-end=\"2978\">\n<li class=\"\" data-start=\"1836\" data-end=\"1919\">\n<p class=\"\" style=\"text-align: justify;\" data-start=\"1839\" data-end=\"1919\">\u0130lgili taraf, bu web sitesi \u00fczerinden online de\u011ferleme talep formunu doldurur.<\/p>\n<\/li>\n<li class=\"\" style=\"text-align: justify;\" data-start=\"1920\" data-end=\"2099\">\n<p class=\"\" data-start=\"1923\" data-end=\"2099\">Ekibimizden bir \u00fcye, m\u00fc\u015fterinin ihtiya\u00e7lar\u0131 hakk\u0131nda daha ayr\u0131nt\u0131l\u0131 bilgi almak ve de\u011ferleme konusu ile ilgili gerekli t\u00fcm bilgileri toplamak i\u00e7in m\u00fc\u015fteriyle ileti\u015fime ge\u00e7er.<\/p>\n<\/li>\n<li class=\"\" style=\"text-align: justify;\" data-start=\"2100\" data-end=\"2206\">\n<p class=\"\" data-start=\"2103\" data-end=\"2206\">Yetkili temsilcimiz, de\u011ferleme s\u00f6zle\u015fmesi tasla\u011f\u0131n\u0131 haz\u0131rlar ve m\u00fc\u015fteriye elektronik olarak g\u00f6nderir.<\/p>\n<\/li>\n<li class=\"\" style=\"text-align: justify;\" data-start=\"2207\" data-end=\"2349\">\n<p class=\"\" data-start=\"2210\" data-end=\"2349\">Yetkili temsilcimiz, sunulan verilerin do\u011frulu\u011fu ve b\u00fct\u00fcnl\u00fc\u011f\u00fcne ili\u015fkin beyan tasla\u011f\u0131n\u0131 haz\u0131rlar ve m\u00fc\u015fteriye elektronik olarak g\u00f6nderir.<\/p>\n<\/li>\n<li class=\"\" style=\"text-align: justify;\" data-start=\"2350\" data-end=\"2620\">\n<p class=\"\" data-start=\"2353\" data-end=\"2620\">M\u00fc\u015fteri, de\u011ferleme s\u00f6zle\u015fmesini ve beyan\u0131 imzalad\u0131ktan sonra, belgelerin kopyas\u0131n\u0131 elektronik ortamda de\u011ferleme uzman\u0131na g\u00f6nderir, orijinalleri ise iadeli taahh\u00fctl\u00fc posta ile veya \u015fahsen <strong data-start=\"2540\" data-end=\"2596\">Aerodromska 2J-23, Posta Kutusu 247, 81000 Podgorica<\/strong> adresine teslim eder.<\/p>\n<\/li>\n<li class=\"\" style=\"text-align: justify;\" data-start=\"2621\" data-end=\"2784\">\n<p class=\"\" data-start=\"2624\" data-end=\"2784\">Ekibimizden bir \u00fcye, de\u011ferleme konusu varl\u0131\u011f\u0131 yerinde inceler ve ard\u0131ndan belirlenen de\u011ferleme metodolojisini uygulayarak de\u011ferleme raporu tasla\u011f\u0131n\u0131 haz\u0131rlar.<\/p>\n<\/li>\n<li class=\"\" style=\"text-align: justify;\" data-start=\"2785\" data-end=\"2896\">\n<p class=\"\" data-start=\"2788\" data-end=\"2896\">De\u011ferleme uzman\u0131, rapor tasla\u011f\u0131n\u0131 m\u00fc\u015fteriye sunar ve m\u00fc\u015fteri, taslak hakk\u0131nda geri bildirimde bulunabilir.<\/p>\n<\/li>\n<li class=\"\" data-start=\"2897\" data-end=\"2978\">\n<p class=\"\" style=\"text-align: justify;\" data-start=\"2900\" data-end=\"2978\">Son olarak, de\u011ferleme uzman\u0131 nihai de\u011ferleme raporunu m\u00fc\u015fteriye teslim eder.<\/p>\n<\/li>\n<\/ol>\n<p>[\/vc_column_text][vc_empty_space][\/vc_column][\/vc_row]<\/p>\n<\/section>","protected":false},"excerpt":{"rendered":"<p>[vc_row][vc_column][vc_empty_space][vc_column_text] Uzman ekibimizin \u00fcyeleri, a\u015fa\u011f\u0131daki alanlarda sertifikal\u0131 ve yetkili de\u011ferleme uzmanlar\u0131d\u0131r: Gayrimenkuller, Tesisler ve ekipmanlar, Maddi olmayan varl\u0131klar, \u0130\u015fletmeler ve sermaye, Finansal enstr\u00fcmanlar, Stoklar, Ormanlar ve orman arazileri, Tar\u0131m i\u015fletmeleri \u2013 meyvecilik, tarla bitkileri, hayvanc\u0131l\u0131k. [\/vc_column_text][vc_empty_space][vc_column_text] Uzman bilgimizi, yerel pazar\u0131n ko\u015fullar\u0131na dair bilgimizi ve uzun y\u0131llara dayanan deneyimimizi, her m\u00fc\u015fterinin \u00f6zel ihtiya\u00e7lar\u0131na uyarlayarak en iyi&hellip;<\/p>\n","protected":false},"author":11,"featured_media":0,"parent":0,"menu_order":0,"comment_status":"closed","ping_status":"closed","template":"","meta":[],"_links":{"self":[{"href":"https:\/\/procjenitelji.me\/tr\/wp-json\/wp\/v2\/pages\/5648"}],"collection":[{"href":"https:\/\/procjenitelji.me\/tr\/wp-json\/wp\/v2\/pages"}],"about":[{"href":"https:\/\/procjenitelji.me\/tr\/wp-json\/wp\/v2\/types\/page"}],"author":[{"embeddable":true,"href":"https:\/\/procjenitelji.me\/tr\/wp-json\/wp\/v2\/users\/11"}],"replies":[{"embeddable":true,"href":"https:\/\/procjenitelji.me\/tr\/wp-json\/wp\/v2\/comments?post=5648"}],"version-history":[{"count":3,"href":"https:\/\/procjenitelji.me\/tr\/wp-json\/wp\/v2\/pages\/5648\/revisions"}],"predecessor-version":[{"id":7840,"href":"https:\/\/procjenitelji.me\/tr\/wp-json\/wp\/v2\/pages\/5648\/revisions\/7840"}],"wp:attachment":[{"href":"https:\/\/procjenitelji.me\/tr\/wp-json\/wp\/v2\/media?parent=5648"}],"curies":[{"name":"wp","href":"https:\/\/api.w.org\/{rel}","templated":true}]}}