{"id":5681,"date":"2021-04-15T13:41:34","date_gmt":"2021-04-15T13:41:34","guid":{"rendered":"https:\/\/procjenitelji.me\/procjena-vrijednosti-postojenja-i-opreme\/"},"modified":"2025-11-07T12:32:23","modified_gmt":"2025-11-07T12:32:23","slug":"varlik-ve-ekipmanlarin-degerlemesi","status":"publish","type":"page","link":"https:\/\/procjenitelji.me\/tr\/varlik-ve-ekipmanlarin-degerlemesi\/","title":{"rendered":"Varl\u0131k ve ekipmanlar\u0131n de\u011ferlemesi"},"content":{"rendered":"<section class=\"wpb-content-wrapper\"><p>[vc_row][vc_column]<style type=\"text\/css\" data-type=\"the7_shortcodes-inline-css\">.shortcode-single-image-wrap.shortcode-single-image-ea55da8a300aefaab0f93a95bc533c87.enable-bg-rollover .rollover i,\n.shortcode-single-image-wrap.shortcode-single-image-ea55da8a300aefaab0f93a95bc533c87.enable-bg-rollover .rollover-video i {\n  background: -webkit-linear-gradient();\n  background: linear-gradient();\n}\n.shortcode-single-image-wrap.shortcode-single-image-ea55da8a300aefaab0f93a95bc533c87 .rollover-icon {\n  font-size: 32px;\n  color: #ffffff;\n  min-width: 44px;\n  min-height: 44px;\n  line-height: 44px;\n  border-radius: 100px;\n  border-style: solid;\n  border-width: 0px;\n}\n.dt-icon-bg-on.shortcode-single-image-wrap.shortcode-single-image-ea55da8a300aefaab0f93a95bc533c87 .rollover-icon {\n  background: rgba(255,255,255,0.3);\n  box-shadow: none;\n}\n<\/style><div class=\"shortcode-single-image-wrap shortcode-single-image-ea55da8a300aefaab0f93a95bc533c87 alignnone  enable-bg-rollover dt-icon-bg-off\" style=\"margin-top:0px; margin-bottom:0px; margin-left:0px; margin-right:0px; width:1500px;\"><div class=\"shortcode-single-image\"><div class=\"fancy-media-wrap  layzr-bg\" style=\"\"><img class=\"preload-me lazy-load\" src=\"data:image\/svg+xml,%3Csvg%20xmlns%3D&#39;http%3A%2F%2Fwww.w3.org%2F2000%2Fsvg&#39;%20viewBox%3D&#39;0%200%201011%20404&#39;%2F%3E\" data-src=\"https:\/\/procjenitelji.me\/wp-content\/uploads\/2021\/11\/1x-1011x404.png\" data-srcset=\"https:\/\/procjenitelji.me\/wp-content\/uploads\/2021\/11\/1x-1011x404.png 1011w\" width=\"1011\" height=\"404\"  data-dt-location=\"https:\/\/procjenitelji.me\/tr\/procjena-vrijednosti-postojenja-i-opreme\/1x\/\" style=\"\" alt=\"\" \/><\/div><\/div><\/div>[vc_column_text][\/vc_column_text][vc_empty_space][\/vc_column][\/vc_row][vc_row][vc_column][vc_column_text]<\/p>\n<p class=\"\" style=\"text-align: justify;\" data-start=\"0\" data-end=\"155\">Biz, tesis ve ekipman de\u011ferleme hizmetlerini <strong data-start=\"45\" data-end=\"75\">IVS De\u011ferleme Standartlar\u0131<\/strong> ve <strong data-start=\"79\" data-end=\"124\">Varl\u0131k De\u011ferleme Metodolojisi Y\u00f6netmeli\u011fi<\/strong>\u2019ne uygun olarak sunmaktay\u0131z.<\/p>\n<p class=\"\" style=\"text-align: justify;\" data-start=\"157\" data-end=\"483\">Uzmanlar\u0131m\u0131z, in\u015faat makineleri, end\u00fcstriyel makineler, ofis mobilyalar\u0131, ev aletleri, her t\u00fcrl\u00fc ta\u015f\u0131t gibi \u00e7e\u015fitli ta\u015f\u0131nabilir e\u015fyalar\u0131n de\u011ferlemesinde deneyime sahiptir. Nihai raporlar, Uluslararas\u0131 De\u011ferleme Standartlar\u0131na (IVS) uygun olarak haz\u0131rlan\u0131r ve tesis ve ekipman de\u011ferleme uzman\u0131 taraf\u0131ndan imzalan\u0131r.<\/p>\n<p>[\/vc_column_text][vc_empty_space][\/vc_column][\/vc_row][vc_row][vc_column][vc_column_text]<strong>Tesis ve ekipman de\u011ferleme hizmetlerini a\u015fa\u011f\u0131daki ama\u00e7lar i\u00e7in sunmaktay\u0131z:<\/strong>[\/vc_column_text][vc_empty_space][\/vc_column][\/vc_row][vc_row][vc_column]<div class=\"standard-arrow list-divider bullet-top\"><ul>\n<li class=\"\" data-start=\"0\" data-end=\"62\">\n<p class=\"\" data-start=\"2\" data-end=\"62\">Al\u0131m-sat\u0131m i\u015flemlerinde piyasa de\u011ferinin belirlenmesi,<\/p>\n<\/li>\n<li class=\"\" data-start=\"63\" data-end=\"90\">\n<p class=\"\" data-start=\"65\" data-end=\"90\">Finansal raporlama,<\/p>\n<\/li>\n<li class=\"\" data-start=\"91\" data-end=\"114\">\n<p class=\"\" data-start=\"93\" data-end=\"114\">Vergi ama\u00e7lar\u0131,<\/p>\n<\/li>\n<li class=\"\" data-start=\"115\" data-end=\"179\">\n<p class=\"\" data-start=\"117\" data-end=\"179\">Kredi bor\u00e7lanmalar\u0131 i\u00e7in teminat de\u011ferinin belirlenmesi,<\/p>\n<\/li>\n<li class=\"\" data-start=\"180\" data-end=\"216\">\n<p class=\"\" data-start=\"182\" data-end=\"216\">\u00d6n-iflas ve iflas s\u00fcre\u00e7leri,<\/p>\n<\/li>\n<li class=\"\" data-start=\"217\" data-end=\"240\">\n<p class=\"\" data-start=\"219\" data-end=\"240\">Hukuki davalar,<\/p>\n<\/li>\n<li class=\"\" data-start=\"241\" data-end=\"280\">\n<p class=\"\" data-start=\"243\" data-end=\"280\">\u015eirket b\u00f6l\u00fcnmesi ve birle\u015fmesi,<\/p>\n<\/li>\n<li class=\"\" data-start=\"281\" data-end=\"301\">\n<p class=\"\" data-start=\"283\" data-end=\"301\">Di\u011fer ama\u00e7lar.<\/p>\n<\/li>\n<\/ul>\n<\/div>[\/vc_column][\/vc_row][vc_row][vc_column][vc_column_text]<strong>Tesis ve ekipman de\u011ferlemesi i\u00e7in temel \u00fc\u00e7 yakla\u015f\u0131m \u015funlard\u0131r:<\/strong>[\/vc_column_text][vc_empty_space][\/vc_column][\/vc_row][vc_row][vc_column]<div class=\"standard-arrow list-divider bullet-top\"><ul>\n<li>Maliyet Yakla\u015f\u0131m\u0131;<\/li>\n<li>Piyasa Yakla\u015f\u0131m\u0131;<\/li>\n<li>Gelir Yakla\u015f\u0131m\u0131.<\/li>\n<\/ul>\n<\/div>[\/vc_column][\/vc_row][vc_row][vc_column][vc_column_text]<\/p>\n<p style=\"text-align: justify;\"><strong>De\u011ferleme s\u00fcreci, uzman g\u00f6r\u00fc\u015f\u00fcne dayal\u0131 olarak varl\u0131\u011f\u0131n de\u011ferinin belirlenmesini i\u00e7erir ve sistematik bir yakla\u015f\u0131ma g\u00f6re a\u015fa\u011f\u0131daki a\u015famalar\u0131 kapsar:<\/strong><\/p>\n<p>[\/vc_column_text][vc_empty_space][\/vc_column][\/vc_row][vc_row][vc_column]<div class=\"standard-arrow list-divider bullet-top\"><ul>\n<li class=\"\" data-start=\"0\" data-end=\"84\">\n<p class=\"\" data-start=\"2\" data-end=\"84\">Fiziksel ve hukuki olarak de\u011ferlenecek varl\u0131\u011f\u0131n tan\u0131mlanmas\u0131 (de\u011ferleme konusu);<\/p>\n<\/li>\n<li class=\"\" data-start=\"85\" data-end=\"164\">\n<p class=\"\" data-start=\"87\" data-end=\"164\">De\u011ferlenecek varl\u0131k \u00fczerindeki m\u00fclkiyet haklar\u0131n\u0131n belirlenmesi (belgeler);<\/p>\n<\/li>\n<li class=\"\" data-start=\"165\" data-end=\"219\">\n<p class=\"\" data-start=\"167\" data-end=\"219\">De\u011ferleme amac\u0131n\u0131n belirlenmesi (de\u011ferleme amac\u0131);<\/p>\n<\/li>\n<li class=\"\" data-start=\"220\" data-end=\"290\">\n<p class=\"\" data-start=\"222\" data-end=\"290\">De\u011ferleme tarihinin belirlenmesi (de\u011ferleme yap\u0131lan zaman dilimi);<\/p>\n<\/li>\n<li class=\"\" data-start=\"291\" data-end=\"387\">\n<p class=\"\" data-start=\"293\" data-end=\"387\">Se\u00e7ilen de\u011ferleme yakla\u015f\u0131m\u0131na ve y\u00f6ntemlerine uygun verilerin toplanmas\u0131 ve analiz edilmesi;<\/p>\n<\/li>\n<li class=\"\" data-start=\"388\" data-end=\"438\">\n<p class=\"\" data-start=\"390\" data-end=\"438\">De\u011ferleme y\u00f6nteminin se\u00e7ilmesi ve uygulanmas\u0131;<\/p>\n<\/li>\n<li class=\"\" data-start=\"439\" data-end=\"501\">\n<p class=\"\" data-start=\"441\" data-end=\"501\">De\u011fer hakk\u0131nda sonucun belirlenmesi ve raporun haz\u0131rlanmas\u0131.<\/p>\n<\/li>\n<\/ul>\n<\/div>[vc_empty_space][vc_empty_space][\/vc_column][\/vc_row][vc_row][vc_column][vc_btn title=&#8221;ONLINE BA\u015eVURU \u2013 TES\u0130S VE EK\u0130PMAN DE\u011eERLEME H\u0130ZMETLER\u0130&#8221; color=&#8221;peacoc&#8221; align=&#8221;center&#8221; link=&#8221;url:https%3A%2F%2Fprocjenitelji.me%2Ftr%2Ftesis-ve-ekipman-degerleme-talebi%2F|title:https%3A%2F%2Fprocjenitelji.me%2Fzahtjev-za-procjenu-vrijednosti-postrojenja-i-opreme%2F&#8221;][\/vc_column][\/vc_row]<\/p>\n<\/section>","protected":false},"excerpt":{"rendered":"<p>[vc_row][vc_column][vc_column_text][\/vc_column_text][vc_empty_space][\/vc_column][\/vc_row][vc_row][vc_column][vc_column_text] Biz, tesis ve ekipman de\u011ferleme hizmetlerini IVS De\u011ferleme Standartlar\u0131 ve Varl\u0131k De\u011ferleme Metodolojisi Y\u00f6netmeli\u011fi\u2019ne uygun olarak sunmaktay\u0131z. Uzmanlar\u0131m\u0131z, in\u015faat makineleri, end\u00fcstriyel makineler, ofis mobilyalar\u0131, ev aletleri, her t\u00fcrl\u00fc ta\u015f\u0131t gibi \u00e7e\u015fitli ta\u015f\u0131nabilir e\u015fyalar\u0131n de\u011ferlemesinde deneyime sahiptir. Nihai raporlar, Uluslararas\u0131 De\u011ferleme Standartlar\u0131na (IVS) uygun olarak haz\u0131rlan\u0131r ve tesis ve ekipman de\u011ferleme uzman\u0131 taraf\u0131ndan imzalan\u0131r. [\/vc_column_text][vc_empty_space][\/vc_column][\/vc_row][vc_row][vc_column][vc_column_text]Tesis&hellip;<\/p>\n","protected":false},"author":6,"featured_media":0,"parent":0,"menu_order":0,"comment_status":"closed","ping_status":"closed","template":"","meta":[],"_links":{"self":[{"href":"https:\/\/procjenitelji.me\/tr\/wp-json\/wp\/v2\/pages\/5681"}],"collection":[{"href":"https:\/\/procjenitelji.me\/tr\/wp-json\/wp\/v2\/pages"}],"about":[{"href":"https:\/\/procjenitelji.me\/tr\/wp-json\/wp\/v2\/types\/page"}],"author":[{"embeddable":true,"href":"https:\/\/procjenitelji.me\/tr\/wp-json\/wp\/v2\/users\/6"}],"replies":[{"embeddable":true,"href":"https:\/\/procjenitelji.me\/tr\/wp-json\/wp\/v2\/comments?post=5681"}],"version-history":[{"count":3,"href":"https:\/\/procjenitelji.me\/tr\/wp-json\/wp\/v2\/pages\/5681\/revisions"}],"predecessor-version":[{"id":7992,"href":"https:\/\/procjenitelji.me\/tr\/wp-json\/wp\/v2\/pages\/5681\/revisions\/7992"}],"wp:attachment":[{"href":"https:\/\/procjenitelji.me\/tr\/wp-json\/wp\/v2\/media?parent=5681"}],"curies":[{"name":"wp","href":"https:\/\/api.w.org\/{rel}","templated":true}]}}