{"id":5697,"date":"2023-09-14T13:36:53","date_gmt":"2023-09-14T13:36:53","guid":{"rendered":"https:\/\/procjenitelji.me\/utvrdjivanje-naknade-po-osnovu-prava-sluzbenosti\/"},"modified":"2025-11-07T12:44:06","modified_gmt":"2025-11-07T12:44:06","slug":"memuriyet-hakkina-gore-tazminatin-belirlenmesi","status":"publish","type":"page","link":"https:\/\/procjenitelji.me\/tr\/memuriyet-hakkina-gore-tazminatin-belirlenmesi\/","title":{"rendered":"Memuriyet hakk\u0131na g\u00f6re tazminat\u0131n belirlenmesi"},"content":{"rendered":"<section class=\"wpb-content-wrapper\"><p>[vc_row][vc_column][vc_column_text][\/vc_column_text]<style type=\"text\/css\" data-type=\"the7_shortcodes-inline-css\">.shortcode-single-image-wrap.shortcode-single-image-e448cca11e533eb9f03dfb526bbe7024.enable-bg-rollover .rollover i,\n.shortcode-single-image-wrap.shortcode-single-image-e448cca11e533eb9f03dfb526bbe7024.enable-bg-rollover .rollover-video i {\n  background: -webkit-linear-gradient();\n  background: linear-gradient();\n}\n.shortcode-single-image-wrap.shortcode-single-image-e448cca11e533eb9f03dfb526bbe7024 .rollover-icon {\n  font-size: 32px;\n  color: #ffffff;\n  min-width: 44px;\n  min-height: 44px;\n  line-height: 44px;\n  border-radius: 100px;\n  border-style: solid;\n  border-width: 0px;\n}\n.dt-icon-bg-on.shortcode-single-image-wrap.shortcode-single-image-e448cca11e533eb9f03dfb526bbe7024 .rollover-icon {\n  background: rgba(255,255,255,0.3);\n  box-shadow: none;\n}\n<\/style><div class=\"shortcode-single-image-wrap shortcode-single-image-e448cca11e533eb9f03dfb526bbe7024 alignnone  enable-bg-rollover dt-icon-bg-off\" style=\"margin-top:0px; margin-bottom:0px; margin-left:0px; margin-right:0px; width:700px;\"><div class=\"shortcode-single-image\"><div class=\"fancy-media-wrap  layzr-bg\" style=\"\"><img class=\"preload-me lazy-load\" src=\"data:image\/svg+xml,%3Csvg%20xmlns%3D&#39;http%3A%2F%2Fwww.w3.org%2F2000%2Fsvg&#39;%20viewBox%3D&#39;0%200%20700%20299&#39;%2F%3E\" data-src=\"https:\/\/procjenitelji.me\/wp-content\/uploads\/2023\/09\/installation-trench-slide-3-mobile-700x299.jpg\" data-srcset=\"https:\/\/procjenitelji.me\/wp-content\/uploads\/2023\/09\/installation-trench-slide-3-mobile-700x299.jpg 700w, https:\/\/procjenitelji.me\/wp-content\/uploads\/2023\/09\/installation-trench-slide-3-mobile.jpg 750w\" width=\"700\" height=\"299\"  data-dt-location=\"https:\/\/procjenitelji.me\/tr\/utvrdjivanje-naknade-po-osnovu-prava-sluzbenosti\/installation-trench-slide-3-mobile\/\" style=\"\" alt=\"\" \/><\/div><\/div><\/div>[vc_empty_space][\/vc_column][\/vc_row][vc_row][vc_column][vc_column_text]<\/p>\n<p style=\"text-align: justify;\">Emlak hukuku ile ilgili kanun, hizmet hakk\u0131 \u00fczerinden al\u0131nacak tazminat\u0131n belirlenmesini d\u00fczenlemektedir. Ger\u00e7ek hizmet hakk\u0131, bir malikin (avantajl\u0131 mal) ba\u015fka bir malik taraf\u0131ndan sahip olunan bir ta\u015f\u0131nmazda (hizmet veren mal) belirli i\u015flemler ger\u00e7ekle\u015ftirmesi i\u00e7in sahip oldu\u011fu hakt\u0131r.<\/p>\n<p>[\/vc_column_text][vc_empty_space][\/vc_column][\/vc_row][vc_row][vc_column][vc_column_text]<\/p>\n<article class=\"text-token-text-primary w-full\" dir=\"auto\" data-testid=\"conversation-turn-38\" data-scroll-anchor=\"true\">\n<div class=\"text-base my-auto mx-auto py-5 px-6\">\n<div class=\"mx-auto flex flex-1 text-base gap-4 md:gap-5 lg:gap-6 md:max-w-3xl group\/turn-messages focus-visible:outline-hidden\" tabindex=\"-1\">\n<div class=\"group\/conversation-turn relative flex w-full min-w-0 flex-col agent-turn @xs\/thread:px-0 @sm\/thread:px-1.5 @md\/thread:px-4\">\n<div class=\"relative flex-col gap-1 md:gap-3\">\n<div class=\"flex max-w-full flex-col grow\">\n<div class=\"min-h-8 text-message relative flex w-full flex-col items-end gap-2 text-start break-words whitespace-normal [.text-message+&amp;]:mt-5\" dir=\"auto\" data-message-author-role=\"assistant\" data-message-id=\"356a15ea-bf13-4c15-a643-12d0b234b0ab\" data-message-model-slug=\"gpt-4o-mini\">\n<div class=\"flex w-full flex-col gap-1 empty:hidden first:pt-[3px]\">\n<div class=\"markdown prose dark:prose-invert w-full break-words light\">\n<p class=\"\" data-start=\"0\" data-end=\"57\"><strong data-start=\"0\" data-end=\"57\">Hizmet hakk\u0131 belirlenmesi yap\u0131lan durumlar \u015funlard\u0131r:<\/strong><\/p>\n<ul data-start=\"59\" data-end=\"1375\" data-is-only-node=\"\" data-is-last-node=\"\">\n<li class=\"\" data-start=\"59\" data-end=\"430\">\n<p class=\"\" style=\"text-align: justify;\" data-start=\"61\" data-end=\"430\"><strong data-start=\"61\" data-end=\"78\">Zorunlu Ge\u00e7i\u015f<\/strong><br data-start=\"78\" data-end=\"81\" \/>Kamu yoluna \u00e7\u0131k\u0131\u015f\u0131 olmayan veya ula\u015f\u0131m i\u00e7in a\u015f\u0131r\u0131 dola\u015f\u0131m gerektiren (\u00e7evrili arazi, cevrelenmi\u015f arazi) ta\u015f\u0131nmaz\u0131n sahibi, ba\u015fka birinin arazisi \u00fczerinden ge\u00e7i\u015f hakk\u0131 talep etme hakk\u0131na sahiptir (zorunlu ge\u00e7i\u015f), kar\u015f\u0131l\u0131\u011f\u0131nda tazminat \u00f6denir.<br data-start=\"324\" data-end=\"327\" \/>Zorunlu ge\u00e7i\u015f, yaya, araba, motorlu ara\u00e7lar, tar\u0131m makineleri gibi \u00e7e\u015fitli \u015fekillerde belirlenebilir.<\/p>\n<\/li>\n<li class=\"\" style=\"text-align: justify;\" data-start=\"432\" data-end=\"888\">\n<p class=\"\" data-start=\"434\" data-end=\"888\"><strong data-start=\"434\" data-end=\"450\">Hat Kurulumu<\/strong><br data-start=\"450\" data-end=\"453\" \/>Arazi sahibi, ba\u015fka bir yere kurulmas\u0131 b\u00fcy\u00fck maliyetlere yol a\u00e7acaksa, kendi arazisinde su borular\u0131, kanalizasyon borular\u0131, do\u011falgaz borular\u0131, elektrik ve telefon hatlar\u0131, direkler, teller vb. hatlar\u0131n kurulmas\u0131na kar\u015f\u0131l\u0131k tazminat \u00f6demek kayd\u0131yla izin vermek zorundad\u0131r.<br data-start=\"726\" data-end=\"729\" \/>Arazi sahibi, arazisinin kullan\u0131m de\u011ferinin ciddi \u015fekilde azalmas\u0131 durumunda, bu hatlar\u0131 kuran ki\u015fiden araziyi sat\u0131n alma talebinde bulunma hakk\u0131na sahiptir.<\/p>\n<\/li>\n<li class=\"\" style=\"text-align: justify;\" data-start=\"890\" data-end=\"1155\">\n<p class=\"\" data-start=\"892\" data-end=\"1155\"><strong data-start=\"892\" data-end=\"937\">Kamusal Menfaat i\u00e7in Yasal Hizmet Haklar\u0131<\/strong><br data-start=\"937\" data-end=\"940\" \/>Su, elektrik, kanalizasyon, gaz, \u0131s\u0131nma, telekom\u00fcnikasyon vb. hatlar\u0131n kurulmas\u0131, e\u011fer kamu menfaati gerektiriyorsa ve yasalarla \u00f6ng\u00f6r\u00fcl\u00fcyorsa, ba\u015fka birinin ta\u015f\u0131nmaz\u0131 \u00fczerinde, o ki\u015finin izni olmadan yap\u0131labilir.<\/p>\n<\/li>\n<li class=\"\" style=\"text-align: justify;\" data-start=\"1157\" data-end=\"1375\">\n<p class=\"\" data-start=\"1159\" data-end=\"1375\"><strong data-start=\"1159\" data-end=\"1177\">Anten Kurulumu<\/strong><br data-start=\"1177\" data-end=\"1180\" \/>Radyo ve televizyon al\u0131c\u0131 cihazlar\u0131 kullanan ki\u015fi, radyo yay\u0131nlar\u0131n\u0131 almak i\u00e7in kom\u015fu binas\u0131nda anten kurma hakk\u0131na sahiptir. Ancak bu, bina sakinlerinin radyo yay\u0131n\u0131 almas\u0131n\u0131 engellememelidir.<\/p>\n<\/li>\n<\/ul>\n<\/div>\n<\/div>\n<\/div>\n<\/div>\n<\/div>\n<div class=\"absolute\" style=\"text-align: justify;\">\n<div class=\"flex items-center justify-center\"><\/div>\n<\/div>\n<\/div>\n<\/div>\n<\/div>\n<\/article>\n<div class=\"pointer-events-none h-px w-px\" style=\"text-align: justify;\" aria-hidden=\"true\" data-edge=\"true\"><\/div>\n<p>[\/vc_column_text][vc_empty_space][\/vc_column][\/vc_row][vc_row][vc_column][vc_column_text]<\/p>\n<p style=\"text-align: justify;\"><strong>De\u011ferleme s\u00fcreci, uzman g\u00f6r\u00fc\u015f\u00fcne dayal\u0131 olarak varl\u0131\u011f\u0131n de\u011ferinin belirlenmesini i\u00e7erir ve sistematik bir yakla\u015f\u0131ma g\u00f6re a\u015fa\u011f\u0131daki a\u015famalar\u0131 kapsar:<\/strong><\/p>\n<p>[\/vc_column_text][vc_empty_space][\/vc_column][\/vc_row][vc_row][vc_column]<div class=\"standard-arrow list-divider bullet-top\"><ul>\n<li class=\"\" data-start=\"0\" data-end=\"70\">\n<p class=\"\" data-start=\"2\" data-end=\"70\">De\u011ferlenen varl\u0131\u011f\u0131n fiziksel ve hukuki kimli\u011fi (de\u011ferleme konusu);<\/p>\n<\/li>\n<li class=\"\" data-start=\"71\" data-end=\"132\">\n<p class=\"\" data-start=\"73\" data-end=\"132\">De\u011ferlenen varl\u0131k \u00fczerindeki haklar\u0131n kimli\u011fi (belgeler);<\/p>\n<\/li>\n<li class=\"\" data-start=\"133\" data-end=\"187\">\n<p class=\"\" data-start=\"135\" data-end=\"187\">De\u011ferleme amac\u0131n\u0131n belirlenmesi (de\u011ferleme amac\u0131);<\/p>\n<\/li>\n<li class=\"\" data-start=\"188\" data-end=\"260\">\n<p class=\"\" data-start=\"190\" data-end=\"260\">De\u011ferleme tarihinin belirlenmesi (de\u011ferleme yap\u0131lacak zaman dilimi);<\/p>\n<\/li>\n<li class=\"\" data-start=\"261\" data-end=\"354\">\n<p class=\"\" data-start=\"263\" data-end=\"354\">Se\u00e7ilen de\u011ferleme yakla\u015f\u0131m\u0131na ve y\u00f6ntemine uygun verilerin toplanmas\u0131 ve analiz edilmesi;<\/p>\n<\/li>\n<li class=\"\" data-start=\"355\" data-end=\"405\">\n<p class=\"\" data-start=\"357\" data-end=\"405\">De\u011ferleme y\u00f6nteminin se\u00e7ilmesi ve uygulanmas\u0131;<\/p>\n<\/li>\n<li class=\"\" data-start=\"406\" data-end=\"454\">\n<p class=\"\" data-start=\"408\" data-end=\"454\">Sonu\u00e7lar\u0131n belirlenmesi ve rapor haz\u0131rlanmas\u0131.<\/p>\n<\/li>\n<\/ul>\n<\/div>[\/vc_column][\/vc_row][vc_row][vc_column][vc_empty_space][\/vc_column][\/vc_row][vc_row][vc_column][vc_empty_space][vc_column_text]<\/p>\n<p style=\"text-align: justify;\"><strong>Hizmet hakk\u0131n\u0131n belirlenmesi i\u00e7in gerekli belgeler:<\/strong><\/p>\n<p>[\/vc_column_text][\/vc_column][\/vc_row][vc_row][vc_column][vc_empty_space]<div class=\"standard-arrow list-divider bullet-top\"><ul>\n<li class=\"\" data-start=\"0\" data-end=\"17\">\n<p class=\"\" data-start=\"2\" data-end=\"17\">Emlak Listesi<\/p>\n<\/li>\n<li class=\"\" data-start=\"18\" data-end=\"50\">\n<p class=\"\" data-start=\"20\" data-end=\"50\">Kadastro k\u00f6y\u00fc bilgileri<\/p>\n<\/li>\n<li class=\"\" data-start=\"51\" data-end=\"96\">\n<p class=\"\" data-start=\"53\" data-end=\"96\">De\u011ferleme konusu kadastro parsel numaras\u0131<\/p>\n<\/li>\n<li class=\"\" data-start=\"97\" data-end=\"171\">\n<p class=\"\" data-start=\"99\" data-end=\"171\">Yetkili harita organizasyonu taraf\u0131ndan verilen hizmet hakk\u0131 \u00f6neri plan\u0131<\/p>\n<\/li>\n<\/ul>\n<\/div>[vc_empty_space][\/vc_column][\/vc_row][vc_row][vc_column][vc_btn title=&#8221;ONLINE BA\u015eVURU \u2013 \u0130RT\u0130FAK HAKKI KAR\u015eILI\u011eI BEL\u0130RLEME H\u0130ZMETLER\u0130&#8221; color=&#8221;peacoc&#8221; align=&#8221;center&#8221; link=&#8221;url:https%3A%2F%2Fprocjenitelji.me%2Ftr%2Fihtiyac-hakkinin-degerlendirme-talebi%2F|title:https%3A%2F%2Fprocjenitelji.me%2Fzahtjev-za-procjenu-vrijednosti-nekretnina%2F&#8221;][\/vc_column][\/vc_row]<\/p>\n<\/section>","protected":false},"excerpt":{"rendered":"<p>[vc_row][vc_column][vc_column_text][\/vc_column_text][vc_empty_space][\/vc_column][\/vc_row][vc_row][vc_column][vc_column_text] Emlak hukuku ile ilgili kanun, hizmet hakk\u0131 \u00fczerinden al\u0131nacak tazminat\u0131n belirlenmesini d\u00fczenlemektedir. Ger\u00e7ek hizmet hakk\u0131, bir malikin (avantajl\u0131 mal) ba\u015fka bir malik taraf\u0131ndan sahip olunan bir ta\u015f\u0131nmazda (hizmet veren mal) belirli i\u015flemler ger\u00e7ekle\u015ftirmesi i\u00e7in sahip oldu\u011fu hakt\u0131r. [\/vc_column_text][vc_empty_space][\/vc_column][\/vc_row][vc_row][vc_column][vc_column_text] Hizmet hakk\u0131 belirlenmesi yap\u0131lan durumlar \u015funlard\u0131r: Zorunlu Ge\u00e7i\u015fKamu yoluna \u00e7\u0131k\u0131\u015f\u0131 olmayan veya ula\u015f\u0131m i\u00e7in a\u015f\u0131r\u0131 dola\u015f\u0131m&hellip;<\/p>\n","protected":false},"author":11,"featured_media":0,"parent":0,"menu_order":0,"comment_status":"closed","ping_status":"closed","template":"","meta":[],"_links":{"self":[{"href":"https:\/\/procjenitelji.me\/tr\/wp-json\/wp\/v2\/pages\/5697"}],"collection":[{"href":"https:\/\/procjenitelji.me\/tr\/wp-json\/wp\/v2\/pages"}],"about":[{"href":"https:\/\/procjenitelji.me\/tr\/wp-json\/wp\/v2\/types\/page"}],"author":[{"embeddable":true,"href":"https:\/\/procjenitelji.me\/tr\/wp-json\/wp\/v2\/users\/11"}],"replies":[{"embeddable":true,"href":"https:\/\/procjenitelji.me\/tr\/wp-json\/wp\/v2\/comments?post=5697"}],"version-history":[{"count":4,"href":"https:\/\/procjenitelji.me\/tr\/wp-json\/wp\/v2\/pages\/5697\/revisions"}],"predecessor-version":[{"id":7994,"href":"https:\/\/procjenitelji.me\/tr\/wp-json\/wp\/v2\/pages\/5697\/revisions\/7994"}],"wp:attachment":[{"href":"https:\/\/procjenitelji.me\/tr\/wp-json\/wp\/v2\/media?parent=5697"}],"curies":[{"name":"wp","href":"https:\/\/api.w.org\/{rel}","templated":true}]}}