{"id":5717,"date":"2021-10-15T13:11:47","date_gmt":"2021-10-15T13:11:47","guid":{"rendered":"https:\/\/procjenitelji.me\/procjena-vrijednosti-finansijskih-instrumenata\/"},"modified":"2025-11-07T13:29:36","modified_gmt":"2025-11-07T13:29:36","slug":"finansal-araclarin-degerlemesi","status":"publish","type":"page","link":"https:\/\/procjenitelji.me\/tr\/finansal-araclarin-degerlemesi\/","title":{"rendered":"Finansal ara\u00e7lar\u0131n de\u011ferlemesi"},"content":{"rendered":"<section class=\"wpb-content-wrapper\"><p>[vc_row][vc_column]<style type=\"text\/css\" data-type=\"the7_shortcodes-inline-css\">.shortcode-single-image-wrap.shortcode-single-image-0c193726bfd2b3b3a98382e3e221adfb.enable-bg-rollover .rollover i,\n.shortcode-single-image-wrap.shortcode-single-image-0c193726bfd2b3b3a98382e3e221adfb.enable-bg-rollover .rollover-video i {\n  background: -webkit-linear-gradient();\n  background: linear-gradient();\n}\n.shortcode-single-image-wrap.shortcode-single-image-0c193726bfd2b3b3a98382e3e221adfb .rollover-icon {\n  font-size: 32px;\n  color: #ffffff;\n  min-width: 44px;\n  min-height: 44px;\n  line-height: 44px;\n  border-radius: 100px;\n  border-style: solid;\n  border-width: 0px;\n}\n.dt-icon-bg-on.shortcode-single-image-wrap.shortcode-single-image-0c193726bfd2b3b3a98382e3e221adfb .rollover-icon {\n  background: rgba(255,255,255,0.3);\n  box-shadow: none;\n}\n<\/style><div class=\"shortcode-single-image-wrap shortcode-single-image-0c193726bfd2b3b3a98382e3e221adfb alignnone  enable-bg-rollover dt-icon-bg-off\" style=\"margin-top:0px; margin-bottom:0px; margin-left:0px; margin-right:0px; width:1500px;\"><div class=\"shortcode-single-image\"><div class=\"fancy-media-wrap  layzr-bg\" style=\"\"><img class=\"preload-me lazy-load\" src=\"data:image\/svg+xml,%3Csvg%20xmlns%3D&#39;http%3A%2F%2Fwww.w3.org%2F2000%2Fsvg&#39;%20viewBox%3D&#39;0%200%20720%20288&#39;%2F%3E\" data-src=\"https:\/\/procjenitelji.me\/wp-content\/uploads\/2021\/11\/improving_finance_policies_ai-720x288.jpg\" data-srcset=\"https:\/\/procjenitelji.me\/wp-content\/uploads\/2021\/11\/improving_finance_policies_ai-720x288.jpg 720w\" width=\"720\" height=\"288\"  data-dt-location=\"https:\/\/procjenitelji.me\/tr\/procjena-vrijednosti-finansijskih-instrumenata\/improving_finance_policies_ai\/\" style=\"\" alt=\"\" \/><\/div><\/div><\/div>[vc_empty_space][vc_empty_space][vc_column_text][\/vc_column_text][vc_column_text]<\/p>\n<p class=\"\" style=\"text-align: justify;\" data-start=\"0\" data-end=\"120\">Finansal ara\u00e7lar\u0131n say\u0131s\u0131 ve \u00e7e\u015fitlili\u011fi, finansal piyasan\u0131n ula\u015ft\u0131\u011f\u0131 geli\u015fmi\u015flik seviyesinin en belirgin g\u00f6stergesidir.<\/p>\n<p class=\"\" style=\"text-align: justify;\" data-start=\"122\" data-end=\"398\">Finansal ara\u00e7lar\u0131 iyi tan\u0131mam\u0131z gereken en az iki neden vard\u0131r. \u0130lk neden, bu ara\u00e7lar\u0131n uluslararas\u0131 finansal ve emtia piyasalar\u0131ndaki \u00f6nemli geni\u015flemesidir. \u0130kinci neden ise, finansal ara\u00e7lar\u0131n bir\u00e7ok riski bar\u0131nd\u0131rmas\u0131 ve kolayca \u00f6nemli ekonomik kay\u0131plara yol a\u00e7abilmesidir.<\/p>\n<p class=\"\" style=\"text-align: justify;\" data-start=\"400\" data-end=\"705\">Finansal arac\u0131n de\u011ferinin belirlenmesindeki \u00f6nemli bir unsur, s\u00f6z konusu arac\u0131n borsada i\u015flem g\u00f6r\u00fcp g\u00f6rmedi\u011fi ve e\u011fer i\u015flem g\u00f6r\u00fcyorsa hangi borsada i\u015flem g\u00f6rd\u00fc\u011f\u00fcd\u00fcr. Bu durum \u00f6nemlidir \u00e7\u00fcnk\u00fc temel kural, finansal ara\u00e7lar\u0131n \u00e7o\u011fu, t\u00fcm t\u00fcrev \u00fcr\u00fcnler dahil olmak \u00fczere, piyasa de\u011feri ile de\u011ferlendirilmesidir.<\/p>\n<p>[\/vc_column_text][vc_column_text]<\/p>\n<p class=\"\" style=\"text-align: justify;\" data-start=\"0\" data-end=\"169\">De\u011ferleme raporlar\u0131, a\u00e7\u0131k bir metodolojinin uygulanmas\u0131yla birlikte resmi bir belge olarak bankac\u0131l\u0131k-finansal ve m\u00fclk-hukuk sekt\u00f6rlerinde kararlar\u0131n temelini olu\u015fturur.<\/p>\n<p class=\"\" style=\"text-align: justify;\" data-start=\"171\" data-end=\"292\">Finansal Ara\u00e7lar\u0131n De\u011ferlemesi, Uluslararas\u0131 De\u011ferleme Standard\u0131 IVS 500 \u2013 Finansal Ara\u00e7lar&#8217;a uygun olarak yap\u0131lmaktad\u0131r.<\/p>\n<p>[\/vc_column_text][vc_empty_space][vc_column_text]<strong>Finansal ara\u00e7lar\u0131n de\u011ferlemesi \u00e7e\u015fitli ama\u00e7larla yap\u0131labilir, bunlar aras\u0131nda ancak bunlarla s\u0131n\u0131rl\u0131 olmamak \u00fczere \u015funlar yer al\u0131r:<\/strong>[\/vc_column_text][vc_empty_space]<div class=\"standard-arrow list-divider bullet-top\"><ul>\n<li>Sat\u0131n almalar, birle\u015fmeler ve \u015firketin ya da b\u00f6l\u00fcmlerinin sat\u0131\u015f\u0131,<\/li>\n<li>al\u0131m sat\u0131m,<\/li>\n<li>finansal raporlama (KAS 32; KAS 39; TFRS 9),<\/li>\n<li>hukuki veya d\u00fczenleyici gereksinimler (ilgili otoriteler taraf\u0131ndan belirlenen herhangi bir set gereksinim),<\/li>\n<li>i\u00e7 risk ve uyum prosed\u00fcrleri,<\/li>\n<li>vergi ve<\/li>\n<li>hukuki ihtilaflar.<\/li>\n<\/ul>\n<\/div>[vc_column_text]<strong>Kapsay\u0131c\u0131l\u0131k, \u015feffafl\u0131k, tutarl\u0131l\u0131k ve nesnellik, \u00e7al\u0131\u015fmalar\u0131m\u0131zda ula\u015fmay\u0131 hedefledi\u011fimiz baz\u0131 de\u011ferlerdir!<\/strong>[\/vc_column_text][vc_empty_space][vc_empty_space][\/vc_column][\/vc_row][vc_row][vc_column][vc_btn title=&#8221;ONLINE BA\u015eVURU \u2013 F\u0130NANSAL ENSTR\u00dcMAN DE\u011eERLEME H\u0130ZMETLER\u0130&#8221; color=&#8221;peacoc&#8221; align=&#8221;center&#8221; link=&#8221;url:https%3A%2F%2Fprocjenitelji.me%2Ftr%2Ffinansal-araclarin-degerleme-talebi%2F|title:Zahtjev%20za%20procjenu%20vrijednosti%20finansijskih%20instrumenata&#8221;][\/vc_column][\/vc_row]<\/p>\n<\/section>","protected":false},"excerpt":{"rendered":"<p>[vc_row][vc_column][vc_empty_space][vc_empty_space][vc_column_text][\/vc_column_text][vc_column_text] Finansal ara\u00e7lar\u0131n say\u0131s\u0131 ve \u00e7e\u015fitlili\u011fi, finansal piyasan\u0131n ula\u015ft\u0131\u011f\u0131 geli\u015fmi\u015flik seviyesinin en belirgin g\u00f6stergesidir. Finansal ara\u00e7lar\u0131 iyi tan\u0131mam\u0131z gereken en az iki neden vard\u0131r. \u0130lk neden, bu ara\u00e7lar\u0131n uluslararas\u0131 finansal ve emtia piyasalar\u0131ndaki \u00f6nemli geni\u015flemesidir. \u0130kinci neden ise, finansal ara\u00e7lar\u0131n bir\u00e7ok riski bar\u0131nd\u0131rmas\u0131 ve kolayca \u00f6nemli ekonomik kay\u0131plara yol a\u00e7abilmesidir. Finansal arac\u0131n de\u011ferinin belirlenmesindeki \u00f6nemli&hellip;<\/p>\n","protected":false},"author":6,"featured_media":0,"parent":0,"menu_order":0,"comment_status":"closed","ping_status":"closed","template":"","meta":[],"_links":{"self":[{"href":"https:\/\/procjenitelji.me\/tr\/wp-json\/wp\/v2\/pages\/5717"}],"collection":[{"href":"https:\/\/procjenitelji.me\/tr\/wp-json\/wp\/v2\/pages"}],"about":[{"href":"https:\/\/procjenitelji.me\/tr\/wp-json\/wp\/v2\/types\/page"}],"author":[{"embeddable":true,"href":"https:\/\/procjenitelji.me\/tr\/wp-json\/wp\/v2\/users\/6"}],"replies":[{"embeddable":true,"href":"https:\/\/procjenitelji.me\/tr\/wp-json\/wp\/v2\/comments?post=5717"}],"version-history":[{"count":3,"href":"https:\/\/procjenitelji.me\/tr\/wp-json\/wp\/v2\/pages\/5717\/revisions"}],"predecessor-version":[{"id":7999,"href":"https:\/\/procjenitelji.me\/tr\/wp-json\/wp\/v2\/pages\/5717\/revisions\/7999"}],"wp:attachment":[{"href":"https:\/\/procjenitelji.me\/tr\/wp-json\/wp\/v2\/media?parent=5717"}],"curies":[{"name":"wp","href":"https:\/\/api.w.org\/{rel}","templated":true}]}}