{"id":5726,"date":"2021-10-15T13:14:12","date_gmt":"2021-10-15T13:14:12","guid":{"rendered":"https:\/\/procjenitelji.me\/procjena-vrijednosti-zaliha\/"},"modified":"2025-11-07T13:35:12","modified_gmt":"2025-11-07T13:35:12","slug":"envanter-degerlemesi","status":"publish","type":"page","link":"https:\/\/procjenitelji.me\/tr\/envanter-degerlemesi\/","title":{"rendered":"Envanter de\u011ferlemesi"},"content":{"rendered":"<section class=\"wpb-content-wrapper\"><p>[vc_row][vc_column][vc_empty_space][\/vc_column][\/vc_row][vc_row][vc_column]<style type=\"text\/css\" data-type=\"the7_shortcodes-inline-css\">.shortcode-single-image-wrap.shortcode-single-image-1a93931e49965882c757ceabe659d769.enable-bg-rollover .rollover i,\n.shortcode-single-image-wrap.shortcode-single-image-1a93931e49965882c757ceabe659d769.enable-bg-rollover .rollover-video i {\n  background: -webkit-linear-gradient();\n  background: linear-gradient();\n}\n.shortcode-single-image-wrap.shortcode-single-image-1a93931e49965882c757ceabe659d769 .rollover-icon {\n  font-size: 32px;\n  color: #ffffff;\n  min-width: 44px;\n  min-height: 44px;\n  line-height: 44px;\n  border-radius: 100px;\n  border-style: solid;\n  border-width: 0px;\n}\n.dt-icon-bg-on.shortcode-single-image-wrap.shortcode-single-image-1a93931e49965882c757ceabe659d769 .rollover-icon {\n  background: rgba(255,255,255,0.3);\n  box-shadow: none;\n}\n<\/style><div class=\"shortcode-single-image-wrap shortcode-single-image-1a93931e49965882c757ceabe659d769 alignnone  enable-bg-rollover dt-icon-bg-off\" style=\"margin-top:0px; margin-bottom:0px; margin-left:0px; margin-right:0px; width:2000px;\"><div class=\"shortcode-single-image\"><div class=\"fancy-media-wrap  layzr-bg\" style=\"\"><img class=\"preload-me lazy-load\" src=\"data:image\/svg+xml,%3Csvg%20xmlns%3D&#39;http%3A%2F%2Fwww.w3.org%2F2000%2Fsvg&#39;%20viewBox%3D&#39;0%200%201280%20576&#39;%2F%3E\" data-src=\"https:\/\/procjenitelji.me\/wp-content\/uploads\/2022\/02\/55-1280x576.jpg\" data-srcset=\"https:\/\/procjenitelji.me\/wp-content\/uploads\/2022\/02\/55-1280x576.jpg 1280w\" width=\"1280\" height=\"576\"  data-dt-location=\"https:\/\/procjenitelji.me\/tr\/procjena-vrijednosti-zaliha\/attachment\/55\/\" style=\"\" alt=\"\" \/><\/div><\/div><\/div>[vc_empty_space][vc_column_text]<\/p>\n<p style=\"text-align: justify;\">Stoklar\u0131n de\u011ferleme de\u011ferlendirmesi, Karada\u011f&#8217;da Muhasebe Kanunu ve Varl\u0131k De\u011ferlendirme Y\u00f6ntemolojisi Y\u00f6netmeli\u011fi ile d\u00fczenlenmi\u015ftir, ayn\u0131 zamanda Uluslararas\u0131 Muhasebe Standartlar\u0131&#8217;n\u0131n uygulanmas\u0131 a\u00e7\u0131s\u0131ndan:<\/p>\n<p>[\/vc_column_text][\/vc_column][\/vc_row][vc_row][vc_column width=&#8221;2\/3&#8243;][vc_empty_space]<div class=\"standard-arrow list-divider bullet-top\"><ul>\n<li>MRS 2 &#8211; Stoklar<\/li>\n<li>MRS 36 &#8211; Varl\u0131klar\u0131n De\u011fer D\u00fc\u015f\u00fc\u015f\u00fc<\/li>\n<\/ul>\n<\/div>[vc_column_text]<strong>ve Uluslararas\u0131 De\u011ferleme Standartlar\u0131<\/strong>[\/vc_column_text][vc_empty_space]<div class=\"standard-arrow list-divider bullet-top\"><ul>\n<li>IVS 230 &#8211; Stoklar<\/li>\n<\/ul>\n<\/div>[\/vc_column][vc_column width=&#8221;1\/3&#8243;][vc_empty_space][\/vc_column][\/vc_row][vc_row][vc_column][vc_column_text]<\/p>\n<p style=\"text-align: justify;\">Malzeme, ticaret, yar\u0131m mamul ve mamul stoklar\u0131, \u00e7o\u011fu ticari i\u015fletmede en \u00f6nemli i\u015f varl\u0131klar\u0131n\u0131 ve finansal raporlarda en b\u00fcy\u00fck kalemi olu\u015fturur.<\/p>\n<p>[\/vc_column_text][vc_empty_space][vc_column_text]<\/p>\n<p style=\"text-align: justify;\"><strong>Profesyonelce yap\u0131lm\u0131\u015f envanter de\u011ferlemesi \u00f6nemlidir \u00e7\u00fcnk\u00fc:<\/strong><\/p>\n<p>[\/vc_column_text][vc_empty_space]<div class=\"standard-arrow list-divider bullet-top\"><p class=\"\" data-start=\"0\" data-end=\"24\">Yard\u0131mc\u0131 olabilir \u00e7\u00fcnk\u00fc:<\/p>\n<ul>\n<li data-start=\"28\" data-end=\"73\">Karl\u0131l\u0131\u011f\u0131 maksimize etmeye yard\u0131mc\u0131 olabilir;<\/li>\n<li data-start=\"28\" data-end=\"73\">\u015eirketin finansal raporlar\u0131nda stoklar\u0131n de\u011ferini do\u011fru bir \u015fekilde sunmas\u0131n\u0131 sa\u011flar;<\/li>\n<li data-start=\"28\" data-end=\"73\">Stok de\u011ferleme y\u00f6ntemi, sat\u0131lan mal\u0131n maliyetini do\u011frudan etkiler, bu da br\u00fct gelir ve kalan stoklar\u0131n nakit de\u011ferini etkiler;<\/li>\n<li data-start=\"28\" data-end=\"73\">Kalan stoklar\u0131n de\u011ferlemesi, \u015firketin potansiyel de\u011ferini etkiler;<\/li>\n<li data-start=\"28\" data-end=\"73\">Stoklar\u0131 de\u011ferleme y\u00f6ntemi, br\u00fct kar\u0131 ve gelir tablosunu do\u011frudan etkiler, bu da \u015firketlere ve yat\u0131r\u0131mc\u0131lara finansal performans hakk\u0131nda bir fikir verir.<\/li>\n<\/ul>\n<\/div>[vc_empty_space][vc_column_text]<strong>Ekibimiz, de\u011ferleme yakla\u015f\u0131m\u0131na g\u00f6re farkl\u0131 de\u011ferleme y\u00f6ntemleri kullanmaktad\u0131r.<\/strong>[\/vc_column_text][\/vc_column][\/vc_row][vc_row][vc_column][vc_empty_space][vc_column_text]<strong>1. Maliyet Yakla\u015f\u0131m\u0131<\/strong>[\/vc_column_text][vc_empty_space height=&#8221;42px&#8221;]<div class=\"standard-arrow list-divider bullet-top\"><ul>\n<li>Fiyatlar\u0131n do\u011frudan kar\u015f\u0131la\u015ft\u0131rma y\u00f6ntemi<\/li>\n<\/ul>\n<\/div>[vc_column_text]<strong>2. Gelir Yakla\u015f\u0131m\u0131<\/strong>[\/vc_column_text][vc_empty_space height=&#8221;42px&#8221;]<div class=\"standard-arrow list-divider bullet-top\"><ul>\n<li>Yukar\u0131dan a\u015fa\u011f\u0131ya y\u00f6ntem<\/li>\n<li>A\u015fa\u011f\u0131dan yukar\u0131ya y\u00f6ntem<\/li>\n<\/ul>\n<\/div>[vc_column_text]<strong>3. Piyasa Yakla\u015f\u0131m\u0131<\/strong>[\/vc_column_text][vc_empty_space height=&#8221;42px&#8221;]<div class=\"standard-arrow list-divider bullet-top\"><ul>\n<li style=\"text-align: justify;\">Amortize edilmi\u015f ikame maliyetleri y\u00f6ntemi<\/li>\n<li style=\"text-align: justify;\">Reprod\u00fcksiyon maliyeti y\u00f6ntemi<\/li>\n<\/ul>\n<\/div>[\/vc_column][\/vc_row][vc_row][vc_column][vc_column_text]<\/p>\n<p style=\"text-align: justify;\">Uzun y\u0131llara dayanan prati\u011fimizde, envanterin bilan\u00e7o ve de\u011ferlemesinde pek \u00e7ok hatan\u0131n, sonraki i\u015f y\u0131llar\u0131na aktar\u0131ld\u0131\u011f\u0131n\u0131 g\u00f6zlemledik. Bu nedenle, envanter de\u011ferlemesinin deneyimli bir uzman ekip taraf\u0131ndan yap\u0131lmas\u0131 son derece \u00f6nemlidir.<\/p>\n<p>[\/vc_column_text][vc_empty_space][vc_empty_space][vc_empty_space][\/vc_column][\/vc_row][vc_row][vc_column][vc_btn title=&#8221;ONLINE BA\u015eVURU \u2013 STOK DE\u011eERLEME H\u0130ZMETLER\u0130&#8221; color=&#8221;peacoc&#8221; align=&#8221;center&#8221; link=&#8221;url:https%3A%2F%2Fprocjenitelji.me%2Ftr%2Fenvanter-degerleme-talebi%2F|title:Zahtjev%20za%20procjenu%20vrijednosti%20zaliha&#8221;][\/vc_column][\/vc_row]<\/p>\n<\/section>","protected":false},"excerpt":{"rendered":"<p>[vc_row][vc_column][vc_empty_space][\/vc_column][\/vc_row][vc_row][vc_column][vc_empty_space][vc_column_text] Stoklar\u0131n de\u011ferleme de\u011ferlendirmesi, Karada\u011f&#8217;da Muhasebe Kanunu ve Varl\u0131k De\u011ferlendirme Y\u00f6ntemolojisi Y\u00f6netmeli\u011fi ile d\u00fczenlenmi\u015ftir, ayn\u0131 zamanda Uluslararas\u0131 Muhasebe Standartlar\u0131&#8217;n\u0131n uygulanmas\u0131 a\u00e7\u0131s\u0131ndan: [\/vc_column_text][\/vc_column][\/vc_row][vc_row][vc_column width=&#8221;2\/3&#8243;][vc_empty_space][vc_column_text]ve Uluslararas\u0131 De\u011ferleme Standartlar\u0131[\/vc_column_text][vc_empty_space][\/vc_column][vc_column width=&#8221;1\/3&#8243;][vc_empty_space][\/vc_column][\/vc_row][vc_row][vc_column][vc_column_text] Malzeme, ticaret, yar\u0131m mamul ve mamul stoklar\u0131, \u00e7o\u011fu ticari i\u015fletmede en \u00f6nemli i\u015f varl\u0131klar\u0131n\u0131 ve finansal raporlarda en b\u00fcy\u00fck kalemi olu\u015fturur. [\/vc_column_text][vc_empty_space][vc_column_text] Profesyonelce yap\u0131lm\u0131\u015f envanter de\u011ferlemesi \u00f6nemlidir \u00e7\u00fcnk\u00fc:&hellip;<\/p>\n","protected":false},"author":6,"featured_media":0,"parent":0,"menu_order":0,"comment_status":"closed","ping_status":"closed","template":"","meta":[],"_links":{"self":[{"href":"https:\/\/procjenitelji.me\/tr\/wp-json\/wp\/v2\/pages\/5726"}],"collection":[{"href":"https:\/\/procjenitelji.me\/tr\/wp-json\/wp\/v2\/pages"}],"about":[{"href":"https:\/\/procjenitelji.me\/tr\/wp-json\/wp\/v2\/types\/page"}],"author":[{"embeddable":true,"href":"https:\/\/procjenitelji.me\/tr\/wp-json\/wp\/v2\/users\/6"}],"replies":[{"embeddable":true,"href":"https:\/\/procjenitelji.me\/tr\/wp-json\/wp\/v2\/comments?post=5726"}],"version-history":[{"count":7,"href":"https:\/\/procjenitelji.me\/tr\/wp-json\/wp\/v2\/pages\/5726\/revisions"}],"predecessor-version":[{"id":8000,"href":"https:\/\/procjenitelji.me\/tr\/wp-json\/wp\/v2\/pages\/5726\/revisions\/8000"}],"wp:attachment":[{"href":"https:\/\/procjenitelji.me\/tr\/wp-json\/wp\/v2\/media?parent=5726"}],"curies":[{"name":"wp","href":"https:\/\/api.w.org\/{rel}","templated":true}]}}