{"id":5743,"date":"2023-09-28T13:54:43","date_gmt":"2023-09-28T13:54:43","guid":{"rendered":"https:\/\/procjenitelji.me\/procjena-vrijednosti-suma-i-sumskog-zemljista\/"},"modified":"2025-11-07T13:37:08","modified_gmt":"2025-11-07T13:37:08","slug":"ormanlarin-ve-orman-arazilerinin-degerinin-belirlenmesi","status":"publish","type":"page","link":"https:\/\/procjenitelji.me\/tr\/ormanlarin-ve-orman-arazilerinin-degerinin-belirlenmesi\/","title":{"rendered":"Ormanlar\u0131n ve orman arazilerinin de\u011ferinin belirlenmesi"},"content":{"rendered":"<section class=\"wpb-content-wrapper\"><p>[vc_row][vc_column]<style type=\"text\/css\" data-type=\"the7_shortcodes-inline-css\">.shortcode-single-image-wrap.shortcode-single-image-0ef97b82135225b643ec417ffc12c537.enable-bg-rollover .rollover i,\n.shortcode-single-image-wrap.shortcode-single-image-0ef97b82135225b643ec417ffc12c537.enable-bg-rollover .rollover-video i {\n  background: -webkit-linear-gradient();\n  background: linear-gradient();\n}\n.shortcode-single-image-wrap.shortcode-single-image-0ef97b82135225b643ec417ffc12c537 .rollover-icon {\n  font-size: 32px;\n  color: #ffffff;\n  min-width: 44px;\n  min-height: 44px;\n  line-height: 44px;\n  border-radius: 100px;\n  border-style: solid;\n  border-width: 0px;\n}\n.dt-icon-bg-on.shortcode-single-image-wrap.shortcode-single-image-0ef97b82135225b643ec417ffc12c537 .rollover-icon {\n  background: rgba(255,255,255,0.3);\n  box-shadow: none;\n}\n<\/style><div class=\"shortcode-single-image-wrap shortcode-single-image-0ef97b82135225b643ec417ffc12c537 alignnone  enable-bg-rollover dt-icon-bg-off\" style=\"margin-top:0px; margin-bottom:0px; margin-left:0px; margin-right:0px; width:1500px;\"><div class=\"shortcode-single-image\"><div class=\"fancy-media-wrap  layzr-bg\" style=\"\"><img class=\"preload-me lazy-load\" src=\"data:image\/svg+xml,%3Csvg%20xmlns%3D&#39;http%3A%2F%2Fwww.w3.org%2F2000%2Fsvg&#39;%20viewBox%3D&#39;0%200%201500%20790&#39;%2F%3E\" data-src=\"https:\/\/procjenitelji.me\/wp-content\/uploads\/2023\/09\/forest-1500x790.jpg\" data-srcset=\"https:\/\/procjenitelji.me\/wp-content\/uploads\/2023\/09\/forest-1500x790.jpg 1500w\" width=\"1500\" height=\"790\"  data-dt-location=\"https:\/\/procjenitelji.me\/tr\/home\/forest\/\" style=\"\" alt=\"\" \/><\/div><\/div><\/div>[vc_column_text][\/vc_column_text][vc_empty_space][vc_empty_space][vc_row_inner][vc_column_inner][vc_column_text]<\/p>\n<p class=\"\" style=\"text-align: justify;\" data-start=\"36\" data-end=\"233\"><strong>Orman<\/strong>, 0,5 hektardan daha geni\u015f bir alana yay\u0131lan ve 5 metreden daha y\u00fcksek a\u011fa\u00e7lar\u0131 olan, ya da bu y\u00fcksekli\u011fe ula\u015fma kapasitesine sahip a\u011fa\u00e7lar\u0131 bulunan ve a\u011fa\u00e7 \u00f6rt\u00fcs\u00fc %10&#8217;dan fazla olan arazidir.<\/p>\n<p class=\"\" style=\"text-align: justify;\" data-start=\"235\" data-end=\"614\"><strong>Orman arazisi<\/strong> (uluslararas\u0131 terim: di\u011fer orman arazisi), &#8220;orman&#8221; olarak s\u0131n\u0131fland\u0131r\u0131lmayan ve 0,5 hektardan geni\u015f, 5 metreden y\u00fcksek a\u011fa\u00e7lar\u0131 olan ve %5-10 aras\u0131nda bir \u00f6rt\u00fc alan\u0131na sahip olan, ya da bu s\u0131n\u0131rlara ula\u015fabilecek a\u011fa\u00e7lar\u0131 bulunan, veya %10&#8217;un \u00fczerinde \u00e7al\u0131, \u00e7al\u0131 grubu ve a\u011fa\u00e7 kar\u0131\u015f\u0131m\u0131 olan araziyi ifade eder (5 metrelik y\u00fcksekli\u011fe ula\u015famayacak a\u011fa\u00e7lar\u0131 da kapsar).<\/p>\n<p>[\/vc_column_text][\/vc_column_inner][\/vc_row_inner][vc_empty_space][vc_column_text]<\/p>\n<p class=\"\" data-start=\"0\" data-end=\"87\"><strong>Yetkili de\u011ferleme uzman\u0131, arazi de\u011ferlemesini a\u015fa\u011f\u0131daki fakt\u00f6rlere dayal\u0131 olarak yapar:<\/strong><\/p>\n<ul>\n<li data-start=\"91\" data-end=\"173\">Arazinin t\u00fcr\u00fc, kategorisi ve amac\u0131 (tar\u0131m arazisi, in\u015faat arazisi, orman arazisi);<\/li>\n<li data-start=\"91\" data-end=\"173\">M\u00fclkiyet hakk\u0131 veya kullan\u0131m hakk\u0131;<\/li>\n<li data-start=\"176\" data-end=\"211\">Alan;<\/li>\n<li data-start=\"176\" data-end=\"211\">Konum.<\/li>\n<\/ul>\n<p>[\/vc_column_text][vc_empty_space][vc_column_text]<\/p>\n<p class=\"\" data-start=\"0\" data-end=\"86\"><strong>Arazi de\u011ferlemesi, m\u00fclkiyet belgesi temel al\u0131narak yap\u0131l\u0131r ve bu belge \u015funlar\u0131 i\u00e7erir:<\/strong><\/p>\n<ul data-start=\"88\" data-end=\"185\" data-is-last-node=\"\" data-is-only-node=\"\">\n<li class=\"\" data-start=\"88\" data-end=\"117\">\n<p class=\"\" data-start=\"90\" data-end=\"117\">Kadastro ve tapu kay\u0131tlar\u0131,<\/p>\n<\/li>\n<li class=\"\" data-start=\"118\" data-end=\"146\">\n<p class=\"\" data-start=\"120\" data-end=\"146\">Sat\u0131n alma s\u00f6zle\u015fmeleri ve<\/p>\n<\/li>\n<li class=\"\" data-start=\"147\" data-end=\"185\">\n<p class=\"\" data-start=\"149\" data-end=\"185\">Uygulanabilir di\u011fer ilgili belgeler.<\/p>\n<\/li>\n<\/ul>\n<p>[\/vc_column_text][vc_empty_space][vc_column_text]<\/p>\n<p class=\"\" style=\"text-align: justify;\" data-start=\"0\" data-end=\"104\">Arazi de\u011ferlemesi i\u00e7in, yetkilendirilmi\u015f bir de\u011ferleme uzman\u0131n\u0131n piyasa yakla\u015f\u0131m\u0131n\u0131 kullanmas\u0131 \u00f6nerilir.<\/p>\n<p class=\"\" style=\"text-align: justify;\" data-start=\"106\" data-end=\"298\">Belirli durumlarda, yeterli g\u00fcvenilir veriler mevcutsa, yetkilendirilmi\u015f de\u011ferleme uzman\u0131, arazi kiralama gelirleri elde edilebilece\u011fi durumlarda, araziyi gelir yakla\u015f\u0131m\u0131yla da de\u011ferleyebilir.<\/p>\n<p>[\/vc_column_text][vc_empty_space][vc_empty_space][\/vc_column][\/vc_row][vc_row][vc_column][vc_btn title=&#8221;ChatGPT said: ONLINE BA\u015eVURU \u2013 ORMAN VE ORMAN ARAZ\u0130S\u0130 DE\u011eERLEME H\u0130ZMETLER\u0130&#8221; color=&#8221;peacoc&#8221; align=&#8221;center&#8221; link=&#8221;url:https%3A%2F%2Fprocjenitelji.me%2Ftr%2Forman-ve-orman-arazilerinin-kiymet-takdiri-talebi%2F|title:Zahtjev%20za%20procjenu%20vrijednosti%20%C5%A1uma%20i%20%C5%A1umskih%20zemlji%C5%A1ta&#8221;][\/vc_column][\/vc_row]<\/p>\n<\/section>","protected":false},"excerpt":{"rendered":"<p>[vc_row][vc_column][vc_column_text][\/vc_column_text][vc_empty_space][vc_empty_space][vc_row_inner][vc_column_inner][vc_column_text] Orman, 0,5 hektardan daha geni\u015f bir alana yay\u0131lan ve 5 metreden daha y\u00fcksek a\u011fa\u00e7lar\u0131 olan, ya da bu y\u00fcksekli\u011fe ula\u015fma kapasitesine sahip a\u011fa\u00e7lar\u0131 bulunan ve a\u011fa\u00e7 \u00f6rt\u00fcs\u00fc %10&#8217;dan fazla olan arazidir. Orman arazisi (uluslararas\u0131 terim: di\u011fer orman arazisi), &#8220;orman&#8221; olarak s\u0131n\u0131fland\u0131r\u0131lmayan ve 0,5 hektardan geni\u015f, 5 metreden y\u00fcksek a\u011fa\u00e7lar\u0131 olan ve %5-10 aras\u0131nda bir&hellip;<\/p>\n","protected":false},"author":11,"featured_media":0,"parent":0,"menu_order":0,"comment_status":"closed","ping_status":"closed","template":"","meta":[],"_links":{"self":[{"href":"https:\/\/procjenitelji.me\/tr\/wp-json\/wp\/v2\/pages\/5743"}],"collection":[{"href":"https:\/\/procjenitelji.me\/tr\/wp-json\/wp\/v2\/pages"}],"about":[{"href":"https:\/\/procjenitelji.me\/tr\/wp-json\/wp\/v2\/types\/page"}],"author":[{"embeddable":true,"href":"https:\/\/procjenitelji.me\/tr\/wp-json\/wp\/v2\/users\/11"}],"replies":[{"embeddable":true,"href":"https:\/\/procjenitelji.me\/tr\/wp-json\/wp\/v2\/comments?post=5743"}],"version-history":[{"count":4,"href":"https:\/\/procjenitelji.me\/tr\/wp-json\/wp\/v2\/pages\/5743\/revisions"}],"predecessor-version":[{"id":8003,"href":"https:\/\/procjenitelji.me\/tr\/wp-json\/wp\/v2\/pages\/5743\/revisions\/8003"}],"wp:attachment":[{"href":"https:\/\/procjenitelji.me\/tr\/wp-json\/wp\/v2\/media?parent=5743"}],"curies":[{"name":"wp","href":"https:\/\/api.w.org\/{rel}","templated":true}]}}