{"id":5762,"date":"2022-11-14T09:18:10","date_gmt":"2022-11-14T09:18:10","guid":{"rendered":"https:\/\/procjenitelji.me\/procjena-vrijednosti-poljoprivrednih-dobara-ratarstvo\/"},"modified":"2025-11-07T13:49:57","modified_gmt":"2025-11-07T13:49:57","slug":"tarimsal-urunlerin-degerinin-degerlendirilmesi-ciftcilik","status":"publish","type":"page","link":"https:\/\/procjenitelji.me\/tr\/tarimsal-urunlerin-degerinin-degerlendirilmesi-ciftcilik\/","title":{"rendered":"Tar\u0131msal \u00fcr\u00fcnlerin de\u011ferinin de\u011ferlendirilmesi &#8211; \u00e7ift\u00e7ilik"},"content":{"rendered":"<section class=\"wpb-content-wrapper\"><p>[vc_row][vc_column]<style type=\"text\/css\" data-type=\"the7_shortcodes-inline-css\">.shortcode-single-image-wrap.shortcode-single-image-2919b192aefa49619496562393dba7a9.enable-bg-rollover .rollover i,\n.shortcode-single-image-wrap.shortcode-single-image-2919b192aefa49619496562393dba7a9.enable-bg-rollover .rollover-video i {\n  background: -webkit-linear-gradient();\n  background: linear-gradient();\n}\n.shortcode-single-image-wrap.shortcode-single-image-2919b192aefa49619496562393dba7a9 .rollover-icon {\n  font-size: 32px;\n  color: #ffffff;\n  min-width: 44px;\n  min-height: 44px;\n  line-height: 44px;\n  border-radius: 100px;\n  border-style: solid;\n  border-width: 0px;\n}\n.dt-icon-bg-on.shortcode-single-image-wrap.shortcode-single-image-2919b192aefa49619496562393dba7a9 .rollover-icon {\n  background: rgba(255,255,255,0.3);\n  box-shadow: none;\n}\n<\/style><div class=\"shortcode-single-image-wrap shortcode-single-image-2919b192aefa49619496562393dba7a9 alignnone  enable-bg-rollover dt-icon-bg-off\" style=\"margin-top:0px; margin-bottom:0px; margin-left:0px; margin-right:0px; width:1500px;\"><div class=\"shortcode-single-image\"><div class=\"fancy-media-wrap  layzr-bg\" style=\"\"><img class=\"preload-me lazy-load\" src=\"data:image\/svg+xml,%3Csvg%20xmlns%3D&#39;http%3A%2F%2Fwww.w3.org%2F2000%2Fsvg&#39;%20viewBox%3D&#39;0%200%201024%20539&#39;%2F%3E\" data-src=\"https:\/\/procjenitelji.me\/wp-content\/uploads\/2023\/10\/zetva_020714_tw1024-1024x539.gif\" data-srcset=\"https:\/\/procjenitelji.me\/wp-content\/uploads\/2023\/10\/zetva_020714_tw1024-1024x539.gif 1024w\" width=\"1024\" height=\"539\"  data-dt-location=\"https:\/\/procjenitelji.me\/tr\/procjena-vrijednosti-poljoprivrednih-dobara-ratarstvo\/zetva_020714_tw1024\/\" style=\"\" alt=\"\" \/><\/div><\/div><\/div>[vc_column_text][\/vc_column_text][vc_empty_space][vc_empty_space][vc_row_inner][vc_column_inner][vc_column_text]<\/p>\n<p style=\"text-align: justify;\">Tar\u0131m, ekili bitkilerin \u00fcretimi ve incelenmesiyle ilgilenen bir tar\u0131m dal\u0131d\u0131r ve bu bitkiler, insanlar\u0131n ve evcil hayvanlar\u0131n g\u0131das\u0131 ile sanayi i\u015flemesi i\u00e7in kullan\u0131lan tarlalar, \u00e7ay\u0131rlar ve mera alanlar\u0131nda yeti\u015ftirilir.<\/p>\n<p>[\/vc_column_text][vc_empty_space][vc_column_text]<\/p>\n<p class=\"\" data-start=\"0\" data-end=\"64\">Tarla \u00fcr\u00fcnlerinin de\u011ferinin belirlenmesinin sebepleri \u015funlard\u0131r:<\/p>\n<ul data-start=\"66\" data-end=\"353\" data-is-last-node=\"\" data-is-only-node=\"\">\n<li class=\"\" data-start=\"66\" data-end=\"103\">\n<p class=\"\" data-start=\"68\" data-end=\"103\">Hipotekli kredi i\u00e7in teminat olarak<\/p>\n<\/li>\n<li class=\"\" data-start=\"104\" data-end=\"147\">\n<p class=\"\" data-start=\"106\" data-end=\"147\">\u00d6zelle\u015ftirme s\u0131ras\u0131nda gayrimenkul olarak<\/p>\n<\/li>\n<li class=\"\" data-start=\"148\" data-end=\"172\">\n<p class=\"\" data-start=\"150\" data-end=\"172\">Kamula\u015ft\u0131rma s\u0131ras\u0131nda<\/p>\n<\/li>\n<li class=\"\" data-start=\"173\" data-end=\"192\">\n<p class=\"\" data-start=\"175\" data-end=\"192\">Miras\u0131n b\u00f6l\u00fcnmesi<\/p>\n<\/li>\n<li class=\"\" data-start=\"193\" data-end=\"211\">\n<p class=\"\" data-start=\"195\" data-end=\"211\">Sigorta amac\u0131yla<\/p>\n<\/li>\n<li class=\"\" data-start=\"212\" data-end=\"236\">\n<p class=\"\" data-start=\"214\" data-end=\"236\">Vergilendirme amac\u0131yla<\/p>\n<\/li>\n<li class=\"\" data-start=\"237\" data-end=\"295\">\n<p class=\"\" data-start=\"239\" data-end=\"295\">\u0130hale ve bor\u00e7 sat\u0131\u015f\u0131nda ba\u015flang\u0131\u00e7 fiyat\u0131n\u0131n belirlenmesi<\/p>\n<\/li>\n<li class=\"\" data-start=\"296\" data-end=\"353\">\n<p class=\"\" data-start=\"298\" data-end=\"353\">Do\u011fal afetler nedeniyle zarar tazminat\u0131n\u0131n belirlenmesi<\/p>\n<\/li>\n<\/ul>\n<p>[\/vc_column_text][vc_empty_space][vc_column_text]<\/p>\n<p class=\"\" data-start=\"0\" data-end=\"47\"><strong>Arazi de\u011ferlemesinde \u015fu yakla\u015f\u0131mlar kullan\u0131l\u0131r:<\/strong><\/p>\n<ul data-start=\"49\" data-end=\"131\" data-is-last-node=\"\" data-is-only-node=\"\">\n<li class=\"\" data-start=\"49\" data-end=\"67\">\n<p class=\"\" data-start=\"51\" data-end=\"67\">Piyasa yakla\u015f\u0131m\u0131<\/p>\n<\/li>\n<li class=\"\" data-start=\"68\" data-end=\"93\">\n<p class=\"\" data-start=\"70\" data-end=\"93\">Adil tazminat yakla\u015f\u0131m\u0131<\/p>\n<\/li>\n<li class=\"\" data-start=\"94\" data-end=\"113\">\n<p class=\"\" data-start=\"96\" data-end=\"113\">Maliyet yakla\u015f\u0131m\u0131<\/p>\n<\/li>\n<li class=\"\" data-start=\"114\" data-end=\"131\">\n<p class=\"\" data-start=\"116\" data-end=\"131\">Gelir yakla\u015f\u0131m\u0131<\/p>\n<\/li>\n<\/ul>\n<p>[\/vc_column_text][\/vc_column_inner][\/vc_row_inner][vc_empty_space][vc_empty_space][\/vc_column][\/vc_row][vc_row][vc_column][vc_btn title=&#8221;ONLINE BA\u015eVURU \u2013 TARIMSAL M\u00dcLK DE\u011eERLEME H\u0130ZMETLER\u0130 (TARLA Z\u0130RAATI)&#8221; color=&#8221;peacoc&#8221; align=&#8221;center&#8221; link=&#8221;url:https%3A%2F%2Fprocjenitelji.me%2Ftr%2Ftarimsal-mulklerin-degerinin-belirlenmesi-talebi-ciftcilik%2F|title:Zahtjev%20za%20procjenu%20vrijednosti%20poljoprivrednog%20dobra-ratarstvo&#8221;][\/vc_column][\/vc_row]<\/p>\n<\/section>","protected":false},"excerpt":{"rendered":"<p>[vc_row][vc_column][vc_column_text][\/vc_column_text][vc_empty_space][vc_empty_space][vc_row_inner][vc_column_inner][vc_column_text] Tar\u0131m, ekili bitkilerin \u00fcretimi ve incelenmesiyle ilgilenen bir tar\u0131m dal\u0131d\u0131r ve bu bitkiler, insanlar\u0131n ve evcil hayvanlar\u0131n g\u0131das\u0131 ile sanayi i\u015flemesi i\u00e7in kullan\u0131lan tarlalar, \u00e7ay\u0131rlar ve mera alanlar\u0131nda yeti\u015ftirilir. [\/vc_column_text][vc_empty_space][vc_column_text] Tarla \u00fcr\u00fcnlerinin de\u011ferinin belirlenmesinin sebepleri \u015funlard\u0131r: Hipotekli kredi i\u00e7in teminat olarak \u00d6zelle\u015ftirme s\u0131ras\u0131nda gayrimenkul olarak Kamula\u015ft\u0131rma s\u0131ras\u0131nda Miras\u0131n b\u00f6l\u00fcnmesi Sigorta amac\u0131yla Vergilendirme amac\u0131yla \u0130hale&hellip;<\/p>\n","protected":false},"author":7,"featured_media":0,"parent":0,"menu_order":0,"comment_status":"closed","ping_status":"closed","template":"","meta":[],"_links":{"self":[{"href":"https:\/\/procjenitelji.me\/tr\/wp-json\/wp\/v2\/pages\/5762"}],"collection":[{"href":"https:\/\/procjenitelji.me\/tr\/wp-json\/wp\/v2\/pages"}],"about":[{"href":"https:\/\/procjenitelji.me\/tr\/wp-json\/wp\/v2\/types\/page"}],"author":[{"embeddable":true,"href":"https:\/\/procjenitelji.me\/tr\/wp-json\/wp\/v2\/users\/7"}],"replies":[{"embeddable":true,"href":"https:\/\/procjenitelji.me\/tr\/wp-json\/wp\/v2\/comments?post=5762"}],"version-history":[{"count":3,"href":"https:\/\/procjenitelji.me\/tr\/wp-json\/wp\/v2\/pages\/5762\/revisions"}],"predecessor-version":[{"id":8006,"href":"https:\/\/procjenitelji.me\/tr\/wp-json\/wp\/v2\/pages\/5762\/revisions\/8006"}],"wp:attachment":[{"href":"https:\/\/procjenitelji.me\/tr\/wp-json\/wp\/v2\/media?parent=5762"}],"curies":[{"name":"wp","href":"https:\/\/api.w.org\/{rel}","templated":true}]}}