{"id":5770,"date":"2022-11-14T09:29:59","date_gmt":"2022-11-14T09:29:59","guid":{"rendered":"https:\/\/procjenitelji.me\/procjena-vrijednosti-poljoprivrednih-dobara-stocarstvo\/"},"modified":"2025-11-07T13:57:32","modified_gmt":"2025-11-07T13:57:32","slug":"tarimsal-mulklerin-degerinin-degerlendirilmesi-hayvancilik","status":"publish","type":"page","link":"https:\/\/procjenitelji.me\/tr\/tarimsal-mulklerin-degerinin-degerlendirilmesi-hayvancilik\/","title":{"rendered":"Tar\u0131msal m\u00fclklerin de\u011ferinin de\u011ferlendirilmesi &#8211; hayvanc\u0131l\u0131k"},"content":{"rendered":"<section class=\"wpb-content-wrapper\"><p>[vc_row][vc_column]<style type=\"text\/css\" data-type=\"the7_shortcodes-inline-css\">.shortcode-single-image-wrap.shortcode-single-image-03bdc134800b36bb66a66669976cd083.enable-bg-rollover .rollover i,\n.shortcode-single-image-wrap.shortcode-single-image-03bdc134800b36bb66a66669976cd083.enable-bg-rollover .rollover-video i {\n  background: -webkit-linear-gradient();\n  background: linear-gradient();\n}\n.shortcode-single-image-wrap.shortcode-single-image-03bdc134800b36bb66a66669976cd083 .rollover-icon {\n  font-size: 32px;\n  color: #ffffff;\n  min-width: 44px;\n  min-height: 44px;\n  line-height: 44px;\n  border-radius: 100px;\n  border-style: solid;\n  border-width: 0px;\n}\n.dt-icon-bg-on.shortcode-single-image-wrap.shortcode-single-image-03bdc134800b36bb66a66669976cd083 .rollover-icon {\n  background: rgba(255,255,255,0.3);\n  box-shadow: none;\n}\n<\/style><div class=\"shortcode-single-image-wrap shortcode-single-image-03bdc134800b36bb66a66669976cd083 alignnone  enable-bg-rollover dt-icon-bg-off\" style=\"margin-top:0px; margin-bottom:0px; margin-left:0px; margin-right:0px; width:1500px;\"><div class=\"shortcode-single-image\"><div class=\"fancy-media-wrap  layzr-bg\" style=\"\"><img class=\"preload-me lazy-load\" src=\"data:image\/svg+xml,%3Csvg%20xmlns%3D&#39;http%3A%2F%2Fwww.w3.org%2F2000%2Fsvg&#39;%20viewBox%3D&#39;0%200%201182%20623&#39;%2F%3E\" data-src=\"https:\/\/procjenitelji.me\/wp-content\/uploads\/2022\/11\/stocarstvoo-1-1182x623.jpg\" data-srcset=\"https:\/\/procjenitelji.me\/wp-content\/uploads\/2022\/11\/stocarstvoo-1-1182x623.jpg 1182w\" width=\"1182\" height=\"623\"  data-dt-location=\"https:\/\/procjenitelji.me\/tr\/home\/stocarstvoo-1\/\" style=\"\" alt=\"\" \/><\/div><\/div><\/div>[vc_column_text][\/vc_column_text][vc_empty_space][vc_empty_space][vc_row_inner][vc_column_inner][vc_column_text]<\/p>\n<p style=\"text-align: justify;\">Hayvanc\u0131l\u0131k, insanlar\u0131n kullan\u0131m\u0131 i\u00e7in \u00fcr\u00fcn ve hammadde elde etmek amac\u0131yla evcil hayvanlar\u0131n yeti\u015ftirilmesini kapsayan tar\u0131m dal\u0131d\u0131r.<\/p>\n<p>[\/vc_column_text][\/vc_column_inner][\/vc_row_inner][vc_empty_space][vc_column_text]<\/p>\n<p class=\"\" data-start=\"40\" data-end=\"115\"><strong>Tar\u0131m varl\u0131klar\u0131n\u0131n de\u011ferlemesi &#8211; hayvanc\u0131l\u0131k farkl\u0131 ama\u00e7larla yap\u0131labilir:<\/strong><\/p>\n<ul data-start=\"117\" data-end=\"621\">\n<li class=\"\" data-start=\"117\" data-end=\"166\">\n<p class=\"\" data-start=\"119\" data-end=\"166\">Hayvanc\u0131l\u0131kta biyolojik varl\u0131klar\u0131n de\u011ferlemesi<\/p>\n<\/li>\n<li class=\"\" data-start=\"167\" data-end=\"230\">\n<p class=\"\" data-start=\"169\" data-end=\"230\">Temel s\u00fcr\u00fc de\u011ferlemesi &#8211; yasal \u00e7er\u00e7eve ve hukuki d\u00fczenlemeler<\/p>\n<p class=\"\" data-start=\"233\" data-end=\"272\"><strong>Temel s\u00fcr\u00fc de\u011ferlemesinin \u00f6zel y\u00f6nleri:<\/strong><\/p>\n<ul data-start=\"275\" data-end=\"621\">\n<li class=\"\" data-start=\"275\" data-end=\"384\">\n<p class=\"\" data-start=\"277\" data-end=\"384\">De\u011ferlemesi yap\u0131lan hayvanlar\u0131n t\u00fcrleri (s\u0131\u011f\u0131r, koyun, domuz, ke\u00e7i ve k\u00fcmes hayvanlar\u0131), \u0131rklar\u0131 ve ya\u015flar\u0131<\/p>\n<\/li>\n<li class=\"\" data-start=\"387\" data-end=\"483\">\n<p class=\"\" data-start=\"389\" data-end=\"483\">Yeti\u015ftirme s\u00fcresinin beklenen uzunlu\u011fu ve beslenen evcil hayvanlar\u0131n beklenen \u00fcretim sonu\u00e7lar\u0131<\/p>\n<\/li>\n<li class=\"\" data-start=\"486\" data-end=\"580\">\n<p class=\"\" data-start=\"488\" data-end=\"580\">Hayvanlar\u0131n \u00fcretim sonu\u00e7lar\u0131na genetik olmayan fakt\u00f6rlerin ve yeti\u015ftirme ko\u015fullar\u0131n\u0131n etkisi<\/p>\n<\/li>\n<li class=\"\" data-start=\"583\" data-end=\"621\">\n<p class=\"\" data-start=\"585\" data-end=\"621\">Atlar\u0131n de\u011ferlemesindeki \u00f6zel y\u00f6nler<\/p>\n<\/li>\n<\/ul>\n<\/li>\n<\/ul>\n<p class=\"\" data-start=\"623\" data-end=\"679\"><strong>Temel s\u00fcr\u00fcn\u00fcn de\u011ferlemesinde kullan\u0131lan \u00fc\u00e7 ana yakla\u015f\u0131m:<\/strong><\/p>\n<ol data-start=\"680\" data-end=\"749\" data-is-last-node=\"\" data-is-only-node=\"\">\n<li class=\"\" data-start=\"680\" data-end=\"696\">\n<p class=\"\" data-start=\"683\" data-end=\"696\">Piyasa de\u011feri<\/p>\n<\/li>\n<li class=\"\" data-start=\"697\" data-end=\"728\">\n<p class=\"\" data-start=\"700\" data-end=\"728\">Hayvan ba\u015f\u0131na maliyet fiyat\u0131<\/p>\n<\/li>\n<li class=\"\" data-start=\"729\" data-end=\"749\">\n<p class=\"\" data-start=\"732\" data-end=\"749\">Verim de\u011ferlemesi<\/p>\n<\/li>\n<\/ol>\n<p>[\/vc_column_text][vc_empty_space][vc_empty_space][\/vc_column][\/vc_row][vc_row][vc_column][vc_btn title=&#8221;ONLINE BA\u015eVURU \u2013 TARIMSAL M\u00dcLK DE\u011eERLEME H\u0130ZMETLER\u0130 (HAYVANCILIK)&#8221; color=&#8221;peacoc&#8221; align=&#8221;center&#8221; link=&#8221;url:https%3A%2F%2Fprocjenitelji.me%2Ftr%2Ftarimsal-gayrimenkul-hayvancilik-degerlerinin-tespit-edilmesi-talebi%2F|title:Zahtjev%20za%20procjenu%20vrijednosti%20poljoprivrednog%20dobra-sto%C4%8Darstvo&#8221;][\/vc_column][\/vc_row]<\/p>\n<\/section>","protected":false},"excerpt":{"rendered":"<p>[vc_row][vc_column][vc_column_text][\/vc_column_text][vc_empty_space][vc_empty_space][vc_row_inner][vc_column_inner][vc_column_text] Hayvanc\u0131l\u0131k, insanlar\u0131n kullan\u0131m\u0131 i\u00e7in \u00fcr\u00fcn ve hammadde elde etmek amac\u0131yla evcil hayvanlar\u0131n yeti\u015ftirilmesini kapsayan tar\u0131m dal\u0131d\u0131r. [\/vc_column_text][\/vc_column_inner][\/vc_row_inner][vc_empty_space][vc_column_text] Tar\u0131m varl\u0131klar\u0131n\u0131n de\u011ferlemesi &#8211; hayvanc\u0131l\u0131k farkl\u0131 ama\u00e7larla yap\u0131labilir: Hayvanc\u0131l\u0131kta biyolojik varl\u0131klar\u0131n de\u011ferlemesi Temel s\u00fcr\u00fc de\u011ferlemesi &#8211; yasal \u00e7er\u00e7eve ve hukuki d\u00fczenlemeler Temel s\u00fcr\u00fc de\u011ferlemesinin \u00f6zel y\u00f6nleri: De\u011ferlemesi yap\u0131lan hayvanlar\u0131n t\u00fcrleri (s\u0131\u011f\u0131r, koyun, domuz, ke\u00e7i ve k\u00fcmes hayvanlar\u0131),&hellip;<\/p>\n","protected":false},"author":7,"featured_media":0,"parent":0,"menu_order":0,"comment_status":"closed","ping_status":"closed","template":"","meta":[],"_links":{"self":[{"href":"https:\/\/procjenitelji.me\/tr\/wp-json\/wp\/v2\/pages\/5770"}],"collection":[{"href":"https:\/\/procjenitelji.me\/tr\/wp-json\/wp\/v2\/pages"}],"about":[{"href":"https:\/\/procjenitelji.me\/tr\/wp-json\/wp\/v2\/types\/page"}],"author":[{"embeddable":true,"href":"https:\/\/procjenitelji.me\/tr\/wp-json\/wp\/v2\/users\/7"}],"replies":[{"embeddable":true,"href":"https:\/\/procjenitelji.me\/tr\/wp-json\/wp\/v2\/comments?post=5770"}],"version-history":[{"count":3,"href":"https:\/\/procjenitelji.me\/tr\/wp-json\/wp\/v2\/pages\/5770\/revisions"}],"predecessor-version":[{"id":8009,"href":"https:\/\/procjenitelji.me\/tr\/wp-json\/wp\/v2\/pages\/5770\/revisions\/8009"}],"wp:attachment":[{"href":"https:\/\/procjenitelji.me\/tr\/wp-json\/wp\/v2\/media?parent=5770"}],"curies":[{"name":"wp","href":"https:\/\/api.w.org\/{rel}","templated":true}]}}