{"id":5774,"date":"2022-05-12T13:43:21","date_gmt":"2022-05-12T13:43:21","guid":{"rendered":"https:\/\/procjenitelji.me\/zakonska-i-profesionalna-regulativa-i-interni-akti\/"},"modified":"2025-11-07T12:16:58","modified_gmt":"2025-11-07T12:16:58","slug":"zakonska-ve-profesyonel-duzenleyici-ve-dahili-faaliyetler","status":"publish","type":"page","link":"https:\/\/procjenitelji.me\/tr\/zakonska-ve-profesyonel-duzenleyici-ve-dahili-faaliyetler\/","title":{"rendered":"Yasal ve profesyonel d\u00fczenleyici ve dahili faaliyetler"},"content":{"rendered":"<section class=\"wpb-content-wrapper\"><p>[vc_row][vc_column width=&#8221;1\/2&#8243;]<div class=\"uavc-list-icon uavc-list-icon-wrapper ult-adjust-bottom-margin   \"><ul class=\"uavc-list\"><li><div class=\"uavc-list-content\" id=\"list-icon-wrap-2881\">\n<div class=\"uavc-list-icon  \" data-animation=\"\" data-animation-delay=\"03\" style=\"margin-right:5px;\"><div class=\"ult-just-icon-wrapper  \"><div class=\"align-icon\" style=\"text-align:center;\">\n<div class=\"aio-icon none \"  style=\"color:#004b6b;font-size:32px;display:inline-block;\">\n\t<i class=\"Defaults-file-pdf-o\"><\/i>\n<\/div><\/div><\/div>\n<\/div><span  data-ultimate-target='#list-icon-wrap-2881 .uavc-list-desc'  data-responsive-json-new='{\"font-size\":\"\",\"line-height\":\"\"}'  class=\"uavc-list-desc ult-responsive\" style=\"\"><\/p>\n<h5><a href=\"https:\/\/procjenitelji.me\/wp-content\/uploads\/2022\/11\/Zakon-o-sudskim-vjestacima-1.pdf\" target=\"_blank\" rel=\"noopener\">Zakon o sudskim vje\u0161tacima<\/a><\/h5>\n<p><\/span><\/div><\/li><li><div class=\"uavc-list-content\" id=\"list-icon-wrap-6159\">\n<div class=\"uavc-list-icon  \" data-animation=\"\" data-animation-delay=\"03\" style=\"margin-right:5px;\"><div class=\"ult-just-icon-wrapper  \"><div class=\"align-icon\" style=\"text-align:center;\">\n<div class=\"aio-icon none \"  style=\"color:#004b6b;font-size:32px;display:inline-block;\">\n\t<i class=\"Defaults-file-pdf-o\"><\/i>\n<\/div><\/div><\/div>\n<\/div><span  data-ultimate-target='#list-icon-wrap-6159 .uavc-list-desc'  data-responsive-json-new='{\"font-size\":\"\",\"line-height\":\"\"}'  class=\"uavc-list-desc ult-responsive\" style=\"\"><\/p>\n<h5><a href=\"https:\/\/procjenitelji.me\/wp-content\/uploads\/2022\/11\/Pravilnik-o-nacinu-i-programu-provjere-strucnog-znanja-i-prakticnog-iskustva-za-odredjenu-oblast-vjestacenja-1.pdf\" target=\"_blank\" rel=\"noopener\">Pravilnik o na\u010dinu i programu provjere stru\u010dnog znanja i prakti\u010dnog iskustva za odre\u0111enu oblast vje\u0161ta\u010denja<\/a><\/h5>\n<p><\/span><\/div><\/li><li><div class=\"uavc-list-content\" id=\"list-icon-wrap-7283\">\n<div class=\"uavc-list-icon  \" data-animation=\"\" data-animation-delay=\"03\" style=\"margin-right:5px;\"><div class=\"ult-just-icon-wrapper  \"><div class=\"align-icon\" style=\"text-align:center;\">\n<div class=\"aio-icon none \"  style=\"color:#004b6b;font-size:32px;display:inline-block;\">\n\t<i class=\"Defaults-file-pdf-o\"><\/i>\n<\/div><\/div><\/div>\n<\/div><span  data-ultimate-target='#list-icon-wrap-7283 .uavc-list-desc'  data-responsive-json-new='{\"font-size\":\"\",\"line-height\":\"\"}'  class=\"uavc-list-desc ult-responsive\" style=\"\"><\/p>\n<h5><a href=\"https:\/\/procjenitelji.me\/wp-content\/uploads\/2022\/11\/Pravilnik-o-sadrzaju-i-obrascu-legitimacije-sudskih-vjestaka-1.pdf\" target=\"_blank\" rel=\"noopener\">Pravilnik o sadr\u017eaju i obrascu legitimacije sudskih vje\u0161taka<\/a><\/h5>\n<p><\/span><\/div><\/li><li><div class=\"uavc-list-content\" id=\"list-icon-wrap-4592\">\n<div class=\"uavc-list-icon  \" data-animation=\"\" data-animation-delay=\"03\" style=\"margin-right:5px;\"><div class=\"ult-just-icon-wrapper  \"><div class=\"align-icon\" style=\"text-align:center;\">\n<div class=\"aio-icon none \"  style=\"color:#004b6b;font-size:32px;display:inline-block;\">\n\t<i class=\"Defaults-file-pdf-o\"><\/i>\n<\/div><\/div><\/div>\n<\/div><span  data-ultimate-target='#list-icon-wrap-4592 .uavc-list-desc'  data-responsive-json-new='{\"font-size\":\"\",\"line-height\":\"\"}'  class=\"uavc-list-desc ult-responsive\" style=\"\"><\/p>\n<h5><a href=\"https:\/\/procjenitelji.me\/wp-content\/uploads\/2022\/11\/Kodeks-Prakse-za-Vjestake-u-okviru-EuroExpert.pdf\" target=\"_blank\" rel=\"noopener\">Kodeks Prakse za Vje\u0161take u okviru EuroExpert<\/a><\/h5>\n<p><\/span><\/div><\/li><\/ul><\/div>[\/vc_column][vc_column width=&#8221;1\/2&#8243;]<div class=\"uavc-list-icon uavc-list-icon-wrapper ult-adjust-bottom-margin   \"><ul class=\"uavc-list\"><li><div class=\"uavc-list-content\" id=\"list-icon-wrap-4259\">\n<div class=\"uavc-list-icon  \" data-animation=\"\" data-animation-delay=\"03\" style=\"margin-right:5px;\"><div class=\"ult-just-icon-wrapper  \"><div class=\"align-icon\" style=\"text-align:center;\">\n<div class=\"aio-icon none \"  style=\"color:#004b6b;font-size:32px;display:inline-block;\">\n\t<i class=\"Defaults-file-pdf-o\"><\/i>\n<\/div><\/div><\/div>\n<\/div><span  data-ultimate-target='#list-icon-wrap-4259 .uavc-list-desc'  data-responsive-json-new='{\"font-size\":\"\",\"line-height\":\"\"}'  class=\"uavc-list-desc ult-responsive\" style=\"\"><\/p>\n<h5><a href=\"https:\/\/procjenitelji.me\/wp-content\/uploads\/2022\/11\/Standardi-Izvjestaja-u-okviru-EuroExpert.pdf\" target=\"_blank\" rel=\"noopener\">Standardi Izvje\u0161taja u okviru EuroExpert<\/a><\/h5>\n<p><\/span><\/div><\/li><li><div class=\"uavc-list-content\" id=\"list-icon-wrap-7584\">\n<div class=\"uavc-list-icon  \" data-animation=\"\" data-animation-delay=\"03\" style=\"margin-right:5px;\"><div class=\"ult-just-icon-wrapper  \"><div class=\"align-icon\" style=\"text-align:center;\">\n<div class=\"aio-icon none \"  style=\"color:#004b6b;font-size:32px;display:inline-block;\">\n\t<i class=\"Defaults-file-pdf-o\"><\/i>\n<\/div><\/div><\/div>\n<\/div><span  data-ultimate-target='#list-icon-wrap-7584 .uavc-list-desc'  data-responsive-json-new='{\"font-size\":\"\",\"line-height\":\"\"}'  class=\"uavc-list-desc ult-responsive\" style=\"\"><\/p>\n<h5><a href=\"https:\/\/procjenitelji.me\/wp-content\/uploads\/2022\/11\/Standardi-udruzenja-u-okviru-EuroExpert.pdf\" target=\"_blank\" rel=\"noopener\">Standardi udru\u017eenja u okviru EuroExpert<\/a><\/h5>\n<p><\/span><\/div><\/li><li><div class=\"uavc-list-content\" id=\"list-icon-wrap-2983\">\n<div class=\"uavc-list-icon  \" data-animation=\"\" data-animation-delay=\"03\" style=\"margin-right:5px;\"><div class=\"ult-just-icon-wrapper  \"><div class=\"align-icon\" style=\"text-align:center;\">\n<div class=\"aio-icon none \"  style=\"color:#004b6b;font-size:32px;display:inline-block;\">\n\t<i class=\"Defaults-file-pdf-o\"><\/i>\n<\/div><\/div><\/div>\n<\/div><span  data-ultimate-target='#list-icon-wrap-2983 .uavc-list-desc'  data-responsive-json-new='{\"font-size\":\"\",\"line-height\":\"\"}'  class=\"uavc-list-desc ult-responsive\" style=\"\"><\/p>\n<h5><a href=\"https:\/\/procjenitelji.me\/wp-content\/uploads\/2022\/11\/EuroExpert-standard-za-obuku-u-posredovanju-1.pdf\" target=\"_blank\" rel=\"noopener\">EuroExpert standard za obuku u posredovanju<\/a><\/h5>\n<p><\/span><\/div><\/li><li><div class=\"uavc-list-content\" id=\"list-icon-wrap-6127\">\n<div class=\"uavc-list-icon  \" data-animation=\"\" data-animation-delay=\"03\" style=\"margin-right:5px;\"><div class=\"ult-just-icon-wrapper  \"><div class=\"align-icon\" style=\"text-align:center;\">\n<div class=\"aio-icon none \"  style=\"color:#004b6b;font-size:32px;display:inline-block;\">\n\t<i class=\"Defaults-file-pdf-o\"><\/i>\n<\/div><\/div><\/div>\n<\/div><span  data-ultimate-target='#list-icon-wrap-6127 .uavc-list-desc'  data-responsive-json-new='{\"font-size\":\"\",\"line-height\":\"\"}'  class=\"uavc-list-desc ult-responsive\" style=\"\"><\/p>\n<h5><a href=\"https:\/\/procjenitelji.me\/wp-content\/uploads\/2022\/11\/EuroExpert-jezgro-nastavnog-plana-i-programa-za-obuku-Vjestaka.pdf\" target=\"_blank\" rel=\"noopener\">EuroExpert jezgro nastavnog plana i programa za obuku Vje\u0161taka<\/a><\/h5>\n<p><\/span><\/div><\/li><\/ul><\/div>[\/vc_column][\/vc_row]<\/p>\n<\/section>","protected":false},"excerpt":{"rendered":"<p>[vc_row][vc_column width=&#8221;1\/2&#8243;][\/vc_column][vc_column width=&#8221;1\/2&#8243;][\/vc_column][\/vc_row]<\/p>\n","protected":false},"author":9,"featured_media":0,"parent":0,"menu_order":0,"comment_status":"closed","ping_status":"closed","template":"","meta":[],"_links":{"self":[{"href":"https:\/\/procjenitelji.me\/tr\/wp-json\/wp\/v2\/pages\/5774"}],"collection":[{"href":"https:\/\/procjenitelji.me\/tr\/wp-json\/wp\/v2\/pages"}],"about":[{"href":"https:\/\/procjenitelji.me\/tr\/wp-json\/wp\/v2\/types\/page"}],"author":[{"embeddable":true,"href":"https:\/\/procjenitelji.me\/tr\/wp-json\/wp\/v2\/users\/9"}],"replies":[{"embeddable":true,"href":"https:\/\/procjenitelji.me\/tr\/wp-json\/wp\/v2\/comments?post=5774"}],"version-history":[{"count":1,"href":"https:\/\/procjenitelji.me\/tr\/wp-json\/wp\/v2\/pages\/5774\/revisions"}],"predecessor-version":[{"id":7986,"href":"https:\/\/procjenitelji.me\/tr\/wp-json\/wp\/v2\/pages\/5774\/revisions\/7986"}],"wp:attachment":[{"href":"https:\/\/procjenitelji.me\/tr\/wp-json\/wp\/v2\/media?parent=5774"}],"curies":[{"name":"wp","href":"https:\/\/api.w.org\/{rel}","templated":true}]}}