{"id":5842,"date":"2023-02-22T07:32:31","date_gmt":"2023-02-22T07:32:31","guid":{"rendered":"https:\/\/procjenitelji.me\/zahtjev-za-procjenu-vrijednosti-poljoprivrednog-dobra-vocarstvo\/"},"modified":"2025-11-07T14:16:47","modified_gmt":"2025-11-07T14:16:47","slug":"tarimsal-mulklerin-degerinin-belirlenmesi-talebi-meyve-yetistiriciligi","status":"publish","type":"page","link":"https:\/\/procjenitelji.me\/tr\/tarimsal-mulklerin-degerinin-belirlenmesi-talebi-meyve-yetistiriciligi\/","title":{"rendered":"Tar\u0131msal m\u00fclklerin de\u011ferinin belirlenmesi talebi &#8211; meyve yeti\u015ftiricili\u011fi"},"content":{"rendered":"<section class=\"wpb-content-wrapper\"><p>[vc_row equal_height=&#8221;yes&#8221; css=&#8221;.vc_custom_1547044454091{padding-top: 70px !important;padding-bottom: 20px !important;}&#8221;][vc_column][vc_empty_space height=&#8221;15px&#8221;][vc_column_text][dhvc_form id=&#8221;8012&#8243;][\/vc_column_text][vc_empty_space height=&#8221;15px&#8221;][\/vc_column][\/vc_row]<\/p>\n<\/section>","protected":false},"excerpt":{"rendered":"<p>[vc_row equal_height=&#8221;yes&#8221; css=&#8221;.vc_custom_1547044454091{padding-top: 70px !important;padding-bottom: 20px !important;}&#8221;][vc_column][vc_empty_space height=&#8221;15px&#8221;][vc_column_text][dhvc_form id=&#8221;8012&#8243;][\/vc_column_text][vc_empty_space height=&#8221;15px&#8221;][\/vc_column][\/vc_row]<\/p>\n","protected":false},"author":7,"featured_media":0,"parent":0,"menu_order":0,"comment_status":"closed","ping_status":"closed","template":"","meta":[],"_links":{"self":[{"href":"https:\/\/procjenitelji.me\/tr\/wp-json\/wp\/v2\/pages\/5842"}],"collection":[{"href":"https:\/\/procjenitelji.me\/tr\/wp-json\/wp\/v2\/pages"}],"about":[{"href":"https:\/\/procjenitelji.me\/tr\/wp-json\/wp\/v2\/types\/page"}],"author":[{"embeddable":true,"href":"https:\/\/procjenitelji.me\/tr\/wp-json\/wp\/v2\/users\/7"}],"replies":[{"embeddable":true,"href":"https:\/\/procjenitelji.me\/tr\/wp-json\/wp\/v2\/comments?post=5842"}],"version-history":[{"count":1,"href":"https:\/\/procjenitelji.me\/tr\/wp-json\/wp\/v2\/pages\/5842\/revisions"}],"predecessor-version":[{"id":8013,"href":"https:\/\/procjenitelji.me\/tr\/wp-json\/wp\/v2\/pages\/5842\/revisions\/8013"}],"wp:attachment":[{"href":"https:\/\/procjenitelji.me\/tr\/wp-json\/wp\/v2\/media?parent=5842"}],"curies":[{"name":"wp","href":"https:\/\/api.w.org\/{rel}","templated":true}]}}