{"id":7181,"date":"2019-04-13T10:14:02","date_gmt":"2019-04-13T10:14:02","guid":{"rendered":"https:\/\/procjenitelji.me\/novosti\/"},"modified":"2025-04-07T11:49:33","modified_gmt":"2025-04-07T11:49:33","slug":"haberler","status":"publish","type":"page","link":"https:\/\/procjenitelji.me\/tr\/haberler\/","title":{"rendered":"Haberler"},"content":{"rendered":"<section class=\"wpb-content-wrapper\"><p>[vc_row type=&#8221;vc_default&#8221; css=&#8221;.vc_custom_1490531137313{padding-top: 60px !important;padding-bottom: 70px !important;}&#8221;][vc_column]<style type=\"text\/css\" data-type=\"the7_shortcodes-inline-css\">.blog-shortcode.blog-masonry-shortcode-id-4f6aae926ecfc5e23d92a87985094048.dividers-on.classic-layout-list article {\n  padding-top: 0;\n}\n.blog-shortcode.blog-masonry-shortcode-id-4f6aae926ecfc5e23d92a87985094048.dividers-on.classic-layout-list article:first-of-type {\n  margin-top: 0;\n  padding-top: 0;\n}\n.blog-shortcode.blog-masonry-shortcode-id-4f6aae926ecfc5e23d92a87985094048.classic-layout-list.mode-list .post-entry-content {\n  width: calc(100% - );\n}\n.blog-shortcode.blog-masonry-shortcode-id-4f6aae926ecfc5e23d92a87985094048.classic-layout-list.mode-list .no-img .post-entry-content {\n  width: 100%;\n}\n.blog-shortcode.blog-masonry-shortcode-id-4f6aae926ecfc5e23d92a87985094048 .filter {\n  margin-bottom: 40px;\n}\n.blog-shortcode.blog-masonry-shortcode-id-4f6aae926ecfc5e23d92a87985094048 .filter-bg-decoration .filter-categories a.act {\n  color: #fff;\n}\n.blog-shortcode.blog-masonry-shortcode-id-4f6aae926ecfc5e23d92a87985094048:not(.mode-masonry) article:first-of-type,\n.blog-shortcode.blog-masonry-shortcode-id-4f6aae926ecfc5e23d92a87985094048:not(.mode-masonry) article.visible.first:not(.product) {\n  margin-top: 0;\n}\n.blog-shortcode.blog-masonry-shortcode-id-4f6aae926ecfc5e23d92a87985094048.dividers-on:not(.mode-masonry) article {\n  margin-top: 0;\n}\n.blog-shortcode.blog-masonry-shortcode-id-4f6aae926ecfc5e23d92a87985094048.dividers-on:not(.mode-masonry) article:first-of-type,\n.blog-shortcode.blog-masonry-shortcode-id-4f6aae926ecfc5e23d92a87985094048.dividers-on:not(.mode-masonry) article.visible.first:not(.product) {\n  margin-top: 0;\n  padding-top: 0;\n}\n.blog-shortcode.blog-masonry-shortcode-id-4f6aae926ecfc5e23d92a87985094048 .post-thumbnail-wrap {\n  padding: 20px 20px 0px 20px;\n}\n.blog-shortcode.blog-masonry-shortcode-id-4f6aae926ecfc5e23d92a87985094048.enable-bg-rollover .post-thumbnail-rollover:after {\n  background: -webkit-linear-gradient();\n  background: linear-gradient();\n}\n.blog-shortcode.blog-masonry-shortcode-id-4f6aae926ecfc5e23d92a87985094048 .gallery-zoom-ico {\n  width: 44px;\n  height: 44px;\n  line-height: 44px;\n  border-radius: 100px;\n  margin: -22px 0 0 -22px;\n  border-width: 0px;\n  color: #ffffff;\n}\n.bottom-overlap-layout-list.blog-shortcode.blog-masonry-shortcode-id-4f6aae926ecfc5e23d92a87985094048 .gallery-zoom-ico {\n  margin-top: -72px;\n}\n.gradient-overlay-layout-list.blog-shortcode.blog-masonry-shortcode-id-4f6aae926ecfc5e23d92a87985094048 .gallery-zoom-ico,\n.content-rollover-layout-list.blog-shortcode.blog-masonry-shortcode-id-4f6aae926ecfc5e23d92a87985094048 .gallery-zoom-ico {\n  margin: 0 0 10px;\n}\n.content-align-center.gradient-overlay-layout-list.blog-shortcode.blog-masonry-shortcode-id-4f6aae926ecfc5e23d92a87985094048 .gallery-zoom-ico,\n.content-align-center.content-rollover-layout-list.blog-shortcode.blog-masonry-shortcode-id-4f6aae926ecfc5e23d92a87985094048 .gallery-zoom-ico {\n  margin: 0 auto 10px;\n}\n.dt-icon-bg-on.blog-shortcode.blog-masonry-shortcode-id-4f6aae926ecfc5e23d92a87985094048 .gallery-zoom-ico {\n  background: rgba(255,255,255,0.3);\n  box-shadow: none;\n}\n.blog-shortcode.blog-masonry-shortcode-id-4f6aae926ecfc5e23d92a87985094048 .gallery-zoom-ico > span,\n.blog-shortcode.blog-masonry-shortcode-id-4f6aae926ecfc5e23d92a87985094048 .gallery-zoom-ico:before {\n  font-size: 32px;\n  line-height: 44px;\n}\n.blog-shortcode.blog-masonry-shortcode-id-4f6aae926ecfc5e23d92a87985094048 .gallery-zoom-ico > span,\n.blog-shortcode.blog-masonry-shortcode-id-4f6aae926ecfc5e23d92a87985094048 .gallery-zoom-ico:before {\n  color: #ffffff;\n}\n.blog-shortcode.blog-masonry-shortcode-id-4f6aae926ecfc5e23d92a87985094048 .entry-title,\n.blog-shortcode.blog-masonry-shortcode-id-4f6aae926ecfc5e23d92a87985094048.owl-carousel .entry-title {\n  margin-bottom: 5px;\n  font-weight: bold;\n}\n.blog-shortcode.blog-masonry-shortcode-id-4f6aae926ecfc5e23d92a87985094048 .entry-meta {\n  margin-bottom: 15px;\n}\n.blog-shortcode.blog-masonry-shortcode-id-4f6aae926ecfc5e23d92a87985094048 .portfolio-categories {\n  margin-bottom: 15px;\n}\n.blog-shortcode.blog-masonry-shortcode-id-4f6aae926ecfc5e23d92a87985094048 .entry-excerpt {\n  margin-bottom: 5px;\n}\n.blog-shortcode.blog-masonry-shortcode-id-4f6aae926ecfc5e23d92a87985094048:not(.centered-layout-list) .post-entry-content {\n  padding: 25px 30px 30px 30px;\n}\n.blog-shortcode.blog-masonry-shortcode-id-4f6aae926ecfc5e23d92a87985094048:not(.centered-layout-list):not(.content-bg-on):not(.mode-list) .no-img .post-entry-content {\n  padding: 0;\n}\n@media screen and (max-width: ) {\n  .blog-shortcode.blog-masonry-shortcode-id-4f6aae926ecfc5e23d92a87985094048 article {\n    -ms-flex-flow: column nowrap;\n    flex-flow: column nowrap;\n    margin-top: 20px;\n  }\n  .blog-shortcode.blog-masonry-shortcode-id-4f6aae926ecfc5e23d92a87985094048.dividers-on article {\n    border: none;\n  }\n  .blog-shortcode.blog-masonry-shortcode-id-4f6aae926ecfc5e23d92a87985094048.content-bg-on.centered-layout-list article {\n    padding: 0;\n  }\n  .blog-shortcode.blog-masonry-shortcode-id-4f6aae926ecfc5e23d92a87985094048.blog-shortcode.dividers-on article,\n  .blog-shortcode.blog-masonry-shortcode-id-4f6aae926ecfc5e23d92a87985094048.dividers-on.classic-layout-list article {\n    margin-top: 20px;\n    padding: 0;\n  }\n  .blog-shortcode.blog-masonry-shortcode-id-4f6aae926ecfc5e23d92a87985094048.blog-shortcode.dividers-on article:first-of-type,\n  .blog-shortcode.blog-masonry-shortcode-id-4f6aae926ecfc5e23d92a87985094048.dividers-on.classic-layout-list article:first-of-type {\n    padding: 0;\n  }\n  #page .blog-shortcode.blog-masonry-shortcode-id-4f6aae926ecfc5e23d92a87985094048 .post-thumbnail-wrap,\n  #page .blog-shortcode.blog-masonry-shortcode-id-4f6aae926ecfc5e23d92a87985094048 .post-entry-content {\n    width: 100%;\n    margin: 0;\n    top: 0;\n  }\n  #page .blog-shortcode.blog-masonry-shortcode-id-4f6aae926ecfc5e23d92a87985094048 .post-thumbnail-wrap {\n    padding: 0;\n  }\n  #page .blog-shortcode.blog-masonry-shortcode-id-4f6aae926ecfc5e23d92a87985094048 .post-entry-content:after {\n    display: none;\n  }\n  #page .blog-shortcode.blog-masonry-shortcode-id-4f6aae926ecfc5e23d92a87985094048 .project-even .post-thumbnail-wrap,\n  #page .blog-shortcode.blog-masonry-shortcode-id-4f6aae926ecfc5e23d92a87985094048.centered-layout-list .post-thumbnail-wrap {\n    -ms-flex-order: 0;\n    order: 0;\n  }\n  #page .blog-shortcode.blog-masonry-shortcode-id-4f6aae926ecfc5e23d92a87985094048.centered-layout-list .post-entry-title-content {\n    -ms-flex-order: 1;\n    order: 1;\n    width: 100%;\n    padding: 20px 20px 0;\n  }\n  #page .blog-shortcode.blog-masonry-shortcode-id-4f6aae926ecfc5e23d92a87985094048.centered-layout-list .post-entry-content {\n    -ms-flex-order: 2;\n    order: 2;\n    padding-top: 0;\n  }\n  #page .blog-shortcode.blog-masonry-shortcode-id-4f6aae926ecfc5e23d92a87985094048 .fancy-categories {\n    top: 10px;\n    left: 10px;\n    bottom: auto;\n    right: auto;\n  }\n  #page .blog-shortcode.blog-masonry-shortcode-id-4f6aae926ecfc5e23d92a87985094048 .fancy-date a {\n    top: 10px;\n    right: 10px;\n    left: auto;\n    bottom: auto;\n  }\n  #page .blog-shortcode.blog-masonry-shortcode-id-4f6aae926ecfc5e23d92a87985094048 .post-entry-content {\n    padding: 20px;\n  }\n  #page .blog-shortcode.blog-masonry-shortcode-id-4f6aae926ecfc5e23d92a87985094048 .entry-title {\n    margin: 3px 0 5px;\n    font-size: 20px;\n    line-height: 26px;\n  }\n  #page .blog-shortcode.blog-masonry-shortcode-id-4f6aae926ecfc5e23d92a87985094048 .entry-meta {\n    margin: 5px 0 5px;\n  }\n  #page .blog-shortcode.blog-masonry-shortcode-id-4f6aae926ecfc5e23d92a87985094048 .entry-excerpt {\n    margin: 15px 0 0;\n  }\n  #page .blog-shortcode.blog-masonry-shortcode-id-4f6aae926ecfc5e23d92a87985094048 .post-details {\n    margin: 5px 0 10px;\n  }\n  #page .blog-shortcode.blog-masonry-shortcode-id-4f6aae926ecfc5e23d92a87985094048 .post-details.details-type-link {\n    margin-bottom: 2px;\n  }\n}\n.blog-shortcode.blog-masonry-shortcode-id-4f6aae926ecfc5e23d92a87985094048:not(.resize-by-browser-width) .dt-css-grid {\n  grid-row-gap: 30px;\n  grid-column-gap: 30px;\n  grid-template-columns: repeat(auto-fill,minmax(,1fr));\n}\n.blog-shortcode.blog-masonry-shortcode-id-4f6aae926ecfc5e23d92a87985094048:not(.resize-by-browser-width) .dt-css-grid .double-width {\n  grid-column: span 2;\n}\n.cssgridlegacy.no-cssgrid .blog-shortcode.blog-masonry-shortcode-id-4f6aae926ecfc5e23d92a87985094048:not(.resize-by-browser-width) .dt-css-grid,\n.no-cssgridlegacy.no-cssgrid .blog-shortcode.blog-masonry-shortcode-id-4f6aae926ecfc5e23d92a87985094048:not(.resize-by-browser-width) .dt-css-grid {\n  display: flex;\n  flex-flow: row wrap;\n  margin: -15px;\n}\n.cssgridlegacy.no-cssgrid .blog-shortcode.blog-masonry-shortcode-id-4f6aae926ecfc5e23d92a87985094048:not(.resize-by-browser-width) .dt-css-grid .wf-cell,\n.no-cssgridlegacy.no-cssgrid .blog-shortcode.blog-masonry-shortcode-id-4f6aae926ecfc5e23d92a87985094048:not(.resize-by-browser-width) .dt-css-grid .wf-cell {\n  flex: 1 0 ;\n  max-width: 100%;\n  padding: 15px;\n  box-sizing: border-box;\n}\n.blog-shortcode.blog-masonry-shortcode-id-4f6aae926ecfc5e23d92a87985094048.resize-by-browser-width .dt-css-grid {\n  grid-template-columns: repeat(4,1fr);\n  grid-template-rows: auto;\n  grid-column-gap: 30px;\n  grid-row-gap: 30px;\n}\n.blog-shortcode.blog-masonry-shortcode-id-4f6aae926ecfc5e23d92a87985094048.resize-by-browser-width .dt-css-grid .double-width {\n  grid-column: span 2;\n}\n.cssgridlegacy.no-cssgrid .blog-shortcode.blog-masonry-shortcode-id-4f6aae926ecfc5e23d92a87985094048.resize-by-browser-width .dt-css-grid {\n  margin: -15px;\n}\n.cssgridlegacy.no-cssgrid .blog-shortcode.blog-masonry-shortcode-id-4f6aae926ecfc5e23d92a87985094048.resize-by-browser-width .dt-css-grid .wf-cell {\n  width: 25%;\n  padding: 15px;\n}\n.cssgridlegacy.no-cssgrid .blog-shortcode.blog-masonry-shortcode-id-4f6aae926ecfc5e23d92a87985094048.resize-by-browser-width .dt-css-grid .wf-cell.double-width {\n  width: calc(25%) * 2;\n}\n.blog-shortcode.blog-masonry-shortcode-id-4f6aae926ecfc5e23d92a87985094048.resize-by-browser-width:not(.centered-layout-list):not(.content-bg-on) .dt-css-grid {\n  grid-row-gap: 0px;\n}\n@media screen and (max-width: 1199px) {\n  .blog-shortcode.blog-masonry-shortcode-id-4f6aae926ecfc5e23d92a87985094048.resize-by-browser-width .dt-css-grid {\n    grid-template-columns: repeat(4,1fr);\n  }\n  .cssgridlegacy.no-cssgrid .blog-shortcode.blog-masonry-shortcode-id-4f6aae926ecfc5e23d92a87985094048.resize-by-browser-width .dt-css-grid .wf-cell,\n  .no-cssgridlegacy.no-cssgrid .blog-shortcode.blog-masonry-shortcode-id-4f6aae926ecfc5e23d92a87985094048.resize-by-browser-width .dt-css-grid .wf-cell {\n    width: 25%;\n  }\n  .cssgridlegacy.no-cssgrid .blog-shortcode.blog-masonry-shortcode-id-4f6aae926ecfc5e23d92a87985094048.resize-by-browser-width .dt-css-grid .wf-cell.double-width,\n  .no-cssgridlegacy.no-cssgrid .blog-shortcode.blog-masonry-shortcode-id-4f6aae926ecfc5e23d92a87985094048.resize-by-browser-width .dt-css-grid .wf-cell.double-width {\n    width: calc(25%)*2;\n  }\n}\n@media screen and (max-width: 991px) {\n  .blog-shortcode.blog-masonry-shortcode-id-4f6aae926ecfc5e23d92a87985094048.resize-by-browser-width .dt-css-grid {\n    grid-template-columns: repeat(3,1fr);\n  }\n  .cssgridlegacy.no-cssgrid .blog-shortcode.blog-masonry-shortcode-id-4f6aae926ecfc5e23d92a87985094048.resize-by-browser-width .dt-css-grid .wf-cell,\n  .no-cssgridlegacy.no-cssgrid .blog-shortcode.blog-masonry-shortcode-id-4f6aae926ecfc5e23d92a87985094048.resize-by-browser-width .dt-css-grid .wf-cell {\n    width: 33.333333333333%;\n  }\n  .cssgridlegacy.no-cssgrid .blog-shortcode.blog-masonry-shortcode-id-4f6aae926ecfc5e23d92a87985094048.resize-by-browser-width .dt-css-grid .wf-cell.double-width,\n  .no-cssgridlegacy.no-cssgrid .blog-shortcode.blog-masonry-shortcode-id-4f6aae926ecfc5e23d92a87985094048.resize-by-browser-width .dt-css-grid .wf-cell.double-width {\n    width: calc(33.333333333333%)*2;\n  }\n}\n@media screen and (max-width: 767px) {\n  .blog-shortcode.blog-masonry-shortcode-id-4f6aae926ecfc5e23d92a87985094048.resize-by-browser-width .dt-css-grid {\n    grid-template-columns: repeat(1,1fr);\n  }\n  .blog-shortcode.blog-masonry-shortcode-id-4f6aae926ecfc5e23d92a87985094048.resize-by-browser-width .dt-css-grid .double-width {\n    grid-column: span 1;\n  }\n  .cssgridlegacy.no-cssgrid .blog-shortcode.blog-masonry-shortcode-id-4f6aae926ecfc5e23d92a87985094048.resize-by-browser-width .dt-css-grid .wf-cell,\n  .no-cssgridlegacy.no-cssgrid .blog-shortcode.blog-masonry-shortcode-id-4f6aae926ecfc5e23d92a87985094048.resize-by-browser-width .dt-css-grid .wf-cell {\n    width: 100%;\n  }\n  .cssgridlegacy.no-cssgrid .blog-shortcode.blog-masonry-shortcode-id-4f6aae926ecfc5e23d92a87985094048.resize-by-browser-width .dt-css-grid .wf-cell.double-width,\n  .no-cssgridlegacy.no-cssgrid .blog-shortcode.blog-masonry-shortcode-id-4f6aae926ecfc5e23d92a87985094048.resize-by-browser-width .dt-css-grid .wf-cell.double-width {\n    width: calc(100%)*2;\n  }\n}\n<\/style><div class=\"blog-shortcode blog-masonry-shortcode-id-4f6aae926ecfc5e23d92a87985094048 mode-grid classic-layout-list content-bg-on jquery-filter vertical-fancy-style scale-img meta-info-off dt-css-grid-wrap dt-icon-bg-off resize-by-browser-width loading-effect-none description-under-image \" data-padding=\"15px\" data-cur-page=\"1\" data-post-limit=\"8\" data-pagination-mode=\"load-more\" data-desktop-columns-num=\"4\" data-v-tablet-columns-num=\"3\" data-h-tablet-columns-num=\"4\" data-phone-columns-num=\"1\" data-width=\"0px\" data-columns=\"0\"><div class=\"dt-css-grid\" ><div class=\"visible wf-cell\" data-post-id=\"7148\" data-date=\"2024-02-27T07:41:10+00:00\" data-name=\"YEN\u0130 MEYDANA GELEN ULUSLARARASI IVS DE\u011eERLEME STANDARTLARI YAYINLANDI\"><article class=\"post project-odd visible post-7148 type-post status-publish format-standard has-post-thumbnail hentry category-novosti-tr category-76 description-off\" data-name=\"YEN\u0130 MEYDANA GELEN ULUSLARARASI IVS DE\u011eERLEME STANDARTLARI YAYINLANDI\" data-date=\"2024-02-27T07:41:10+00:00\">\n\n<div class=\"post-thumbnail-wrap\">\n\t<div class=\"post-thumbnail\">\n\t\t\n\t\t\n\t\t<a href=\"https:\/\/procjenitelji.me\/tr\/objavljeno-novo-izdanje-medjunarodnih-ivsc-standarda-procjene\/\" class=\"post-thumbnail-rollover layzr-bg layzr-bg\" ><img class=\"iso-lazy-load preload-me iso-lazy-load\" src=\"data:image\/svg+xml,%3Csvg%20xmlns%3D&#39;http%3A%2F%2Fwww.w3.org%2F2000%2Fsvg&#39;%20viewBox%3D&#39;0%200%20500%20270&#39;%2F%3E\" data-src=\"https:\/\/procjenitelji.me\/wp-content\/uploads\/2024\/02\/2.png\" data-srcset=\"https:\/\/procjenitelji.me\/wp-content\/uploads\/2024\/02\/2.png 500w\" alt=\"\" title=\"2\" width=\"500\" height=\"270\"  \/><\/a>\t<\/div>\n<\/div>\n\n\n<div class=\"post-entry-content\">\n\n\t<h3 class=\"entry-title\">\n\t\t<a href=\"https:\/\/procjenitelji.me\/tr\/objavljeno-novo-izdanje-medjunarodnih-ivsc-standarda-procjene\/\" title=\"YEN\u0130 MEYDANA GELEN ULUSLARARASI IVS DE\u011eERLEME STANDARTLARI YAYINLANDI\" rel=\"bookmark\">YEN\u0130 MEYDANA GELEN ULUSLARARASI IVS DE\u011eERLEME STANDARTLARI YAYINLANDI<\/a>\n\t<\/h3>\n\n\t\n\t\n\t\n<a href=\"https:\/\/procjenitelji.me\/tr\/objavljeno-novo-izdanje-medjunarodnih-ivsc-standarda-procjene\/\" class=\"post-details details-type-link\" aria-label=\"Read more about YEN\u0130 MEYDANA GELEN ULUSLARARASI IVS DE\u011eERLEME STANDARTLARI YAYINLANDI\">Daha ayr\u0131nt\u0131l\u0131<i class=\"dt-icon-the7-arrow-03\" aria-hidden=\"true\"><\/i><\/a>\n\n<\/div><\/article><\/div><div class=\"visible wf-cell\" data-post-id=\"7154\" data-date=\"2023-10-05T09:57:59+00:00\" data-name=\"U toku je novi ciklus edukacije procjenitelja\"><article class=\"post project-odd visible post-7154 type-post status-publish format-standard has-post-thumbnail hentry category-novosti-tr category-76 description-off\" data-name=\"U toku je novi ciklus edukacije procjenitelja\" data-date=\"2023-10-05T09:57:59+00:00\">\n\n<div class=\"post-thumbnail-wrap\">\n\t<div class=\"post-thumbnail\">\n\t\t\n\t\t\n\t\t<a href=\"https:\/\/procjenitelji.me\/tr\/u-toku-je-novi-ciklus-edukacije-procjenitelja\/\" class=\"post-thumbnail-rollover layzr-bg layzr-bg\" ><img class=\"iso-lazy-load preload-me iso-lazy-load\" src=\"data:image\/svg+xml,%3Csvg%20xmlns%3D&#39;http%3A%2F%2Fwww.w3.org%2F2000%2Fsvg&#39;%20viewBox%3D&#39;0%200%20768%20349&#39;%2F%3E\" data-src=\"https:\/\/procjenitelji.me\/wp-content\/uploads\/2022\/02\/pravni-akt-768x349.jpg\" data-srcset=\"https:\/\/procjenitelji.me\/wp-content\/uploads\/2022\/02\/pravni-akt-768x349.jpg 768w, https:\/\/procjenitelji.me\/wp-content\/uploads\/2022\/02\/pravni-akt.jpg 1099w\" alt=\"\" title=\"pravni akt\" width=\"768\" height=\"349\"  \/><\/a>\t<\/div>\n<\/div>\n\n\n<div class=\"post-entry-content\">\n\n\t<h3 class=\"entry-title\">\n\t\t<a href=\"https:\/\/procjenitelji.me\/tr\/u-toku-je-novi-ciklus-edukacije-procjenitelja\/\" title=\"U toku je novi ciklus edukacije procjenitelja\" rel=\"bookmark\">U toku je novi ciklus edukacije procjenitelja<\/a>\n\t<\/h3>\n\n\t\n\t\n\t\n<a href=\"https:\/\/procjenitelji.me\/tr\/u-toku-je-novi-ciklus-edukacije-procjenitelja\/\" class=\"post-details details-type-link\" aria-label=\"Read more about U toku je novi ciklus edukacije procjenitelja\">Daha ayr\u0131nt\u0131l\u0131<i class=\"dt-icon-the7-arrow-03\" aria-hidden=\"true\"><\/i><\/a>\n\n<\/div><\/article><\/div><div class=\"visible wf-cell\" data-post-id=\"7160\" data-date=\"2023-09-29T09:39:10+00:00\" data-name=\"Gostovanje predsjednika UO na jutarnjem programu  TV Nik\u0161i\u0107\"><article class=\"post project-odd visible post-7160 type-post status-publish format-standard has-post-thumbnail hentry category-novosti-tr category-76 description-off\" data-name=\"Gostovanje predsjednika UO na jutarnjem programu  TV Nik\u0161i\u0107\" data-date=\"2023-09-29T09:39:10+00:00\">\n\n<div class=\"post-thumbnail-wrap\">\n\t<div class=\"post-thumbnail\">\n\t\t\n\t\t\n\t\t<a href=\"https:\/\/procjenitelji.me\/tr\/%d0%b2%d1%8b%d1%81%d1%82%d1%83%d0%bf%d0%bb%d0%b5%d0%bd%d0%b8%d0%b5-%d0%bf%d1%80%d0%b5%d0%b4%d1%81%d0%b5%d0%b4%d0%b0%d1%82%d0%b5%d0%bb%d1%8f-%d1%83%d0%bf%d1%80%d0%b0%d0%b2%d0%bd%d0%be%d0%b3%d0%be\/\" class=\"post-thumbnail-rollover layzr-bg layzr-bg\" ><img class=\"iso-lazy-load preload-me iso-lazy-load\" src=\"data:image\/svg+xml,%3Csvg%20xmlns%3D&#39;http%3A%2F%2Fwww.w3.org%2F2000%2Fsvg&#39;%20viewBox%3D&#39;0%200%20768%20295&#39;%2F%3E\" data-src=\"https:\/\/procjenitelji.me\/wp-content\/uploads\/2023\/09\/rtvnk-768x295.jpg\" data-srcset=\"https:\/\/procjenitelji.me\/wp-content\/uploads\/2023\/09\/rtvnk-768x295.jpg 768w, https:\/\/procjenitelji.me\/wp-content\/uploads\/2023\/09\/rtvnk-1152x443.jpg 1152w\" alt=\"\" title=\"rtvnk\" width=\"768\" height=\"295\"  \/><\/a>\t<\/div>\n<\/div>\n\n\n<div class=\"post-entry-content\">\n\n\t<h3 class=\"entry-title\">\n\t\t<a href=\"https:\/\/procjenitelji.me\/tr\/%d0%b2%d1%8b%d1%81%d1%82%d1%83%d0%bf%d0%bb%d0%b5%d0%bd%d0%b8%d0%b5-%d0%bf%d1%80%d0%b5%d0%b4%d1%81%d0%b5%d0%b4%d0%b0%d1%82%d0%b5%d0%bb%d1%8f-%d1%83%d0%bf%d1%80%d0%b0%d0%b2%d0%bd%d0%be%d0%b3%d0%be\/\" title=\"Gostovanje predsjednika UO na jutarnjem programu  TV Nik\u0161i\u0107\" rel=\"bookmark\">Gostovanje predsjednika UO na jutarnjem programu  TV Nik\u0161i\u0107<\/a>\n\t<\/h3>\n\n\t\n\t\n\t\n<a href=\"https:\/\/procjenitelji.me\/tr\/%d0%b2%d1%8b%d1%81%d1%82%d1%83%d0%bf%d0%bb%d0%b5%d0%bd%d0%b8%d0%b5-%d0%bf%d1%80%d0%b5%d0%b4%d1%81%d0%b5%d0%b4%d0%b0%d1%82%d0%b5%d0%bb%d1%8f-%d1%83%d0%bf%d1%80%d0%b0%d0%b2%d0%bd%d0%be%d0%b3%d0%be\/\" class=\"post-details details-type-link\" aria-label=\"Read more about Gostovanje predsjednika UO na jutarnjem programu  TV Nik\u0161i\u0107\">Daha ayr\u0131nt\u0131l\u0131<i class=\"dt-icon-the7-arrow-03\" aria-hidden=\"true\"><\/i><\/a>\n\n<\/div><\/article><\/div><div class=\"visible wf-cell\" data-post-id=\"7167\" data-date=\"2023-02-22T11:13:19+00:00\" data-name=\"IVS De\u011ferleme Standartlar\u0131 2022\"><article class=\"post project-odd visible post-7167 type-post status-publish format-standard has-post-thumbnail hentry category-novosti-tr category-76 description-off\" data-name=\"IVS De\u011ferleme Standartlar\u0131 2022\" data-date=\"2023-02-22T11:13:19+00:00\">\n\n<div class=\"post-thumbnail-wrap\">\n\t<div class=\"post-thumbnail\">\n\t\t\n\t\t\n\t\t<a href=\"https:\/\/procjenitelji.me\/tr\/prevod-ivs-standarda-procjene-2022\/\" class=\"post-thumbnail-rollover layzr-bg layzr-bg\" ><img class=\"iso-lazy-load preload-me iso-lazy-load\" src=\"data:image\/svg+xml,%3Csvg%20xmlns%3D&#39;http%3A%2F%2Fwww.w3.org%2F2000%2Fsvg&#39;%20viewBox%3D&#39;0%200%20585%20265&#39;%2F%3E\" data-src=\"https:\/\/procjenitelji.me\/wp-content\/uploads\/2023\/02\/11.png\" data-srcset=\"https:\/\/procjenitelji.me\/wp-content\/uploads\/2023\/02\/11.png 585w\" alt=\"\" title=\"11\" width=\"585\" height=\"265\"  \/><\/a>\t<\/div>\n<\/div>\n\n\n<div class=\"post-entry-content\">\n\n\t<h3 class=\"entry-title\">\n\t\t<a href=\"https:\/\/procjenitelji.me\/tr\/prevod-ivs-standarda-procjene-2022\/\" title=\"IVS De\u011ferleme Standartlar\u0131 2022\" rel=\"bookmark\">IVS De\u011ferleme Standartlar\u0131 2022<\/a>\n\t<\/h3>\n\n\t\n\t\n\t\n<a href=\"https:\/\/procjenitelji.me\/tr\/prevod-ivs-standarda-procjene-2022\/\" class=\"post-details details-type-link\" aria-label=\"Read more about IVS De\u011ferleme Standartlar\u0131 2022\">Daha ayr\u0131nt\u0131l\u0131<i class=\"dt-icon-the7-arrow-03\" aria-hidden=\"true\"><\/i><\/a>\n\n<\/div><\/article><\/div><div class=\"visible wf-cell\" data-post-id=\"7173\" data-date=\"2023-01-24T12:49:58+00:00\" data-name=\"Yeni Mal Varl\u0131\u011f\u0131 De\u011ferleme Y\u00f6ntemolojisi Y\u00f6netmeli\u011fi\"><article class=\"post project-odd visible post-7173 type-post status-publish format-standard has-post-thumbnail hentry category-novosti-tr category-76 description-off\" data-name=\"Yeni Mal Varl\u0131\u011f\u0131 De\u011ferleme Y\u00f6ntemolojisi Y\u00f6netmeli\u011fi\" data-date=\"2023-01-24T12:49:58+00:00\">\n\n<div class=\"post-thumbnail-wrap\">\n\t<div class=\"post-thumbnail\">\n\t\t\n\t\t\n\t\t<a href=\"https:\/\/procjenitelji.me\/tr\/novi-pravilnik-o-metodologiji-za-procjenu-vrijednosti-imovine\/\" class=\"post-thumbnail-rollover layzr-bg layzr-bg\" ><img class=\"iso-lazy-load preload-me iso-lazy-load\" src=\"data:image\/svg+xml,%3Csvg%20xmlns%3D&#39;http%3A%2F%2Fwww.w3.org%2F2000%2Fsvg&#39;%20viewBox%3D&#39;0%200%20768%20393&#39;%2F%3E\" data-src=\"https:\/\/procjenitelji.me\/wp-content\/uploads\/2023\/01\/1-e1696498675219-768x393.jpg\" data-srcset=\"https:\/\/procjenitelji.me\/wp-content\/uploads\/2023\/01\/1-e1696498675219-768x393.jpg 768w, https:\/\/procjenitelji.me\/wp-content\/uploads\/2023\/01\/1-e1696498675219.jpg 986w\" alt=\"\" title=\"1\" width=\"768\" height=\"393\"  \/><\/a>\t<\/div>\n<\/div>\n\n\n<div class=\"post-entry-content\">\n\n\t<h3 class=\"entry-title\">\n\t\t<a href=\"https:\/\/procjenitelji.me\/tr\/novi-pravilnik-o-metodologiji-za-procjenu-vrijednosti-imovine\/\" title=\"Yeni Mal Varl\u0131\u011f\u0131 De\u011ferleme Y\u00f6ntemolojisi Y\u00f6netmeli\u011fi\" rel=\"bookmark\">Yeni Mal Varl\u0131\u011f\u0131 De\u011ferleme Y\u00f6ntemolojisi Y\u00f6netmeli\u011fi<\/a>\n\t<\/h3>\n\n\t\n\t\n\t\n<a href=\"https:\/\/procjenitelji.me\/tr\/novi-pravilnik-o-metodologiji-za-procjenu-vrijednosti-imovine\/\" class=\"post-details details-type-link\" aria-label=\"Read more about Yeni Mal Varl\u0131\u011f\u0131 De\u011ferleme Y\u00f6ntemolojisi Y\u00f6netmeli\u011fi\">Daha ayr\u0131nt\u0131l\u0131<i class=\"dt-icon-the7-arrow-03\" aria-hidden=\"true\"><\/i><\/a>\n\n<\/div><\/article><\/div><\/div><!-- iso-container|iso-grid --><div class=\"paginator paginator-more-button\">\n\t\t\t\t<a class=\"button-load-more \" href=\"javascript:void(0);\" data-dt-page=\"1\" ><span class=\"stick\"><\/span><span class=\"stick\"><\/span><span class=\"stick\"><\/span><span class=\"button-caption\">Load more<\/span><\/a>\n\t\t\t<\/div><\/div>[\/vc_column][\/vc_row]<\/p>\n<\/section>","protected":false},"excerpt":{"rendered":"<p>[vc_row type=&#8221;vc_default&#8221; css=&#8221;.vc_custom_1490531137313{padding-top: 60px !important;padding-bottom: 70px !important;}&#8221;][vc_column][\/vc_column][\/vc_row]<\/p>\n","protected":false},"author":1,"featured_media":0,"parent":0,"menu_order":400,"comment_status":"closed","ping_status":"closed","template":"","meta":[],"_links":{"self":[{"href":"https:\/\/procjenitelji.me\/tr\/wp-json\/wp\/v2\/pages\/7181"}],"collection":[{"href":"https:\/\/procjenitelji.me\/tr\/wp-json\/wp\/v2\/pages"}],"about":[{"href":"https:\/\/procjenitelji.me\/tr\/wp-json\/wp\/v2\/types\/page"}],"author":[{"embeddable":true,"href":"https:\/\/procjenitelji.me\/tr\/wp-json\/wp\/v2\/users\/1"}],"replies":[{"embeddable":true,"href":"https:\/\/procjenitelji.me\/tr\/wp-json\/wp\/v2\/comments?post=7181"}],"version-history":[{"count":2,"href":"https:\/\/procjenitelji.me\/tr\/wp-json\/wp\/v2\/pages\/7181\/revisions"}],"predecessor-version":[{"id":7939,"href":"https:\/\/procjenitelji.me\/tr\/wp-json\/wp\/v2\/pages\/7181\/revisions\/7939"}],"wp:attachment":[{"href":"https:\/\/procjenitelji.me\/tr\/wp-json\/wp\/v2\/media?parent=7181"}],"curies":[{"name":"wp","href":"https:\/\/api.w.org\/{rel}","templated":true}]}}